

{"id":1517,"date":"2019-05-02T12:39:34","date_gmt":"2019-05-02T12:39:34","guid":{"rendered":"https:\/\/www.negenmaandenmooi.be\/?page_id=1517"},"modified":"2021-01-21T12:34:03","modified_gmt":"2021-01-21T12:34:03","slug":"vetements-de-nuit","status":"publish","type":"page","link":"https:\/\/www.negenmaandenmooi.be\/fr\/collection\/vetements-de-nuit\/","title":{"rendered":"V\u00eatements de nuit"},"content":{"rendered":"<p>[et_pb_section fb_built=\u00a0\u00bb1&Prime; admin_label=\u00a0\u00bbsection\u00a0\u00bb _builder_version=\u00a0\u00bb4.6.6&Prime; custom_padding=\u00a0\u00bb10px|0px|23px|0px\u00a0\u00bb hover_enabled=\u00a0\u00bb0&Prime; sticky_enabled=\u00a0\u00bb0&Prime;][et_pb_row column_structure=\u00a0\u00bb1_3,1_3,1_3&Prime; use_custom_gutter=\u00a0\u00bbon\u00a0\u00bb gutter_width=\u00a0\u00bb2&Prime; make_equal=\u00a0\u00bbon\u00a0\u00bb custom_padding_last_edited=\u00a0\u00bbon|desktop\u00a0\u00bb module_class=\u00a0\u00bbdoubleimage\u00a0\u00bb _builder_version=\u00a0\u00bb3.25&Prime; custom_margin=\u00a0\u00bb0px||0px|\u00a0\u00bb custom_padding=\u00a0\u00bb0px|0px|0px|0px\u00a0\u00bb custom_padding_tablet=\u00a0\u00bb\u00a0\u00bb custom_padding_phone=\u00a0\u00bb0px|||\u00a0\u00bb][et_pb_column type=\u00a0\u00bb1_3&Prime; _builder_version=\u00a0\u00bb3.25&Prime; custom_padding=\u00a0\u00bb|||\u00a0\u00bb custom_padding__hover=\u00a0\u00bb|||\u00a0\u00bb][et_pb_image src=\u00a0\u00bbhttps:\/\/www.negenmaandenmooi.be\/wp-content\/uploads\/2019\/08\/short.jpg\u00a0\u00bb url=\u00a0\u00bb\/merken\/expresso\u00a0\u00bb align_tablet=\u00a0\u00bbcenter\u00a0\u00bb align_phone=\u00a0\u00bb\u00a0\u00bb align_last_edited=\u00a0\u00bbon|desktop\u00a0\u00bb module_class=\u00a0\u00bbmobile-margin-bot\u00a0\u00bb _builder_version=\u00a0\u00bb4.6.6&Prime; background_position=\u00a0\u00bbtop_center\u00a0\u00bb max_width_tablet=\u00a0\u00bb\u00a0\u00bb max_width_phone=\u00a0\u00bb\u00a0\u00bb max_width_last_edited=\u00a0\u00bbon|phone\u00a0\u00bb module_alignment=\u00a0\u00bbright\u00a0\u00bb hover_enabled=\u00a0\u00bb0&Prime; title_text=\u00a0\u00bbshort\u00a0\u00bb sticky_enabled=\u00a0\u00bb0&Prime;][\/et_pb_image][et_pb_text module_class=\u00a0\u00bbmobile-margin-bot-txt\u00a0\u00bb _builder_version=\u00a0\u00bb3.27.4&Prime; text_font=\u00a0\u00bb|||on|||||\u00a0\u00bb text_text_color=\u00a0\u00bb#000000&Prime; text_font_size=\u00a0\u00bb32px\u00a0\u00bb text_orientation=\u00a0\u00bbcenter\u00a0\u00bb custom_margin=\u00a0\u00bb|||\u00a0\u00bb custom_padding=\u00a0\u00bb|||\u00a0\u00bb][\/et_pb_text][\/et_pb_column][et_pb_column type=\u00a0\u00bb1_3&Prime; _builder_version=\u00a0\u00bb3.25&Prime; custom_padding=\u00a0\u00bb|||\u00a0\u00bb custom_padding__hover=\u00a0\u00bb|||\u00a0\u00bb][et_pb_image src=\u00a0\u00bbhttps:\/\/www.negenmaandenmooi.be\/wp-content\/uploads\/2019\/08\/nightdress-dot2.jpg\u00a0\u00bb url=\u00a0\u00bb\/merken\/by-bar\u00a0\u00bb align_tablet=\u00a0\u00bbcenter\u00a0\u00bb align_phone=\u00a0\u00bb\u00a0\u00bb align_last_edited=\u00a0\u00bbon|desktop\u00a0\u00bb module_class=\u00a0\u00bbbottom-small\u00a0\u00bb _builder_version=\u00a0\u00bb4.6.6&Prime; background_position=\u00a0\u00bbtop_center\u00a0\u00bb max_width_tablet=\u00a0\u00bb\u00a0\u00bb max_width_phone=\u00a0\u00bb\u00a0\u00bb max_width_last_edited=\u00a0\u00bbon|phone\u00a0\u00bb module_alignment=\u00a0\u00bbleft\u00a0\u00bb hover_enabled=\u00a0\u00bb0&Prime; title_text=\u00a0\u00bbnightdress dot2&Prime; sticky_enabled=\u00a0\u00bb0&Prime;][\/et_pb_image][et_pb_text _builder_version=\u00a0\u00bb3.27.4&Prime; text_font=\u00a0\u00bb|||on|||||\u00a0\u00bb text_text_color=\u00a0\u00bb#000000&Prime; text_font_size=\u00a0\u00bb32px\u00a0\u00bb link_text_color=\u00a0\u00bb#ffffff\u00a0\u00bb link_font_size=\u00a0\u00bb32px\u00a0\u00bb text_orientation=\u00a0\u00bbcenter\u00a0\u00bb custom_margin=\u00a0\u00bb|||-30px\u00a0\u00bb custom_margin_tablet=\u00a0\u00bb||40px|\u00a0\u00bb custom_margin_phone=\u00a0\u00bb\u00a0\u00bb custom_margin_last_edited=\u00a0\u00bbon|tablet\u00a0\u00bb custom_padding=\u00a0\u00bb|||\u00a0\u00bb][\/et_pb_text][\/et_pb_column][et_pb_column type=\u00a0\u00bb1_3&Prime; _builder_version=\u00a0\u00bb3.25&Prime; custom_padding=\u00a0\u00bb|||\u00a0\u00bb custom_padding__hover=\u00a0\u00bb|||\u00a0\u00bb][et_pb_image src=\u00a0\u00bbhttps:\/\/www.negenmaandenmooi.be\/wp-content\/uploads\/2019\/08\/top-dot.jpg\u00a0\u00bb url=\u00a0\u00bb\/merken\/myomy\u00a0\u00bb align_tablet=\u00a0\u00bbcenter\u00a0\u00bb align_phone=\u00a0\u00bb\u00a0\u00bb align_last_edited=\u00a0\u00bbon|desktop\u00a0\u00bb module_class=\u00a0\u00bbmobile-margin-bot\u00a0\u00bb _builder_version=\u00a0\u00bb4.6.6&Prime; background_position=\u00a0\u00bbtop_center\u00a0\u00bb max_width_tablet=\u00a0\u00bb\u00a0\u00bb max_width_phone=\u00a0\u00bb\u00a0\u00bb max_width_last_edited=\u00a0\u00bbon|tablet\u00a0\u00bb module_alignment=\u00a0\u00bbright\u00a0\u00bb hover_enabled=\u00a0\u00bb0&Prime; title_text=\u00a0\u00bbtop dot\u00a0\u00bb sticky_enabled=\u00a0\u00bb0&Prime;][\/et_pb_image][et_pb_text module_class=\u00a0\u00bbmobile-margin-bot-txt\u00a0\u00bb _builder_version=\u00a0\u00bb3.27.4&Prime; text_font=\u00a0\u00bb|||on|||||\u00a0\u00bb text_text_color=\u00a0\u00bb#000000&Prime; text_font_size=\u00a0\u00bb32px\u00a0\u00bb text_orientation=\u00a0\u00bbcenter\u00a0\u00bb custom_margin=\u00a0\u00bb|||\u00a0\u00bb custom_padding=\u00a0\u00bb|||\u00a0\u00bb][\/et_pb_text][\/et_pb_column][\/et_pb_row][et_pb_row column_structure=\u00a0\u00bb1_3,1_3,1_3&Prime; use_custom_gutter=\u00a0\u00bbon\u00a0\u00bb gutter_width=\u00a0\u00bb2&Prime; make_equal=\u00a0\u00bbon\u00a0\u00bb custom_padding_last_edited=\u00a0\u00bbon|desktop\u00a0\u00bb module_class=\u00a0\u00bbdoubleimage\u00a0\u00bb _builder_version=\u00a0\u00bb3.25&Prime; custom_margin=\u00a0\u00bb0px||0px|\u00a0\u00bb custom_padding=\u00a0\u00bb0px|0px|0px|0px\u00a0\u00bb custom_padding_tablet=\u00a0\u00bb\u00a0\u00bb custom_padding_phone=\u00a0\u00bb0px|||\u00a0\u00bb][et_pb_column type=\u00a0\u00bb1_3&Prime; _builder_version=\u00a0\u00bb3.25&Prime; custom_padding=\u00a0\u00bb|||\u00a0\u00bb custom_padding__hover=\u00a0\u00bb|||\u00a0\u00bb][et_pb_image src=\u00a0\u00bbhttps:\/\/www.negenmaandenmooi.be\/wp-content\/uploads\/2019\/08\/nightdress-blue.jpg\u00a0\u00bb url=\u00a0\u00bb\/merken\/by-bar\u00a0\u00bb align_tablet=\u00a0\u00bbcenter\u00a0\u00bb align_phone=\u00a0\u00bb\u00a0\u00bb align_last_edited=\u00a0\u00bbon|desktop\u00a0\u00bb module_class=\u00a0\u00bbbottom-small\u00a0\u00bb _builder_version=\u00a0\u00bb4.6.6&Prime; background_position=\u00a0\u00bbtop_center\u00a0\u00bb max_width_tablet=\u00a0\u00bb\u00a0\u00bb max_width_phone=\u00a0\u00bb\u00a0\u00bb max_width_last_edited=\u00a0\u00bbon|phone\u00a0\u00bb module_alignment=\u00a0\u00bbleft\u00a0\u00bb hover_enabled=\u00a0\u00bb0&Prime; title_text=\u00a0\u00bbnightdress blue\u00a0\u00bb sticky_enabled=\u00a0\u00bb0&Prime;][\/et_pb_image][et_pb_text module_class=\u00a0\u00bbmobile-margin-bot-txt\u00a0\u00bb _builder_version=\u00a0\u00bb3.27.4&Prime; text_font=\u00a0\u00bb|||on|||||\u00a0\u00bb text_text_color=\u00a0\u00bb#000000&Prime; text_font_size=\u00a0\u00bb32px\u00a0\u00bb text_orientation=\u00a0\u00bbcenter\u00a0\u00bb custom_margin=\u00a0\u00bb|||\u00a0\u00bb custom_padding=\u00a0\u00bb|||\u00a0\u00bb][\/et_pb_text][\/et_pb_column][et_pb_column type=\u00a0\u00bb1_3&Prime; _builder_version=\u00a0\u00bb3.25&Prime; custom_padding=\u00a0\u00bb|||\u00a0\u00bb custom_padding__hover=\u00a0\u00bb|||\u00a0\u00bb][et_pb_image src=\u00a0\u00bbhttps:\/\/www.negenmaandenmooi.be\/wp-content\/uploads\/2019\/08\/shirt.jpg\u00a0\u00bb url=\u00a0\u00bb\/merken\/by-bar\u00a0\u00bb align_tablet=\u00a0\u00bbcenter\u00a0\u00bb align_phone=\u00a0\u00bb\u00a0\u00bb align_last_edited=\u00a0\u00bbon|desktop\u00a0\u00bb module_class=\u00a0\u00bbbottom-small\u00a0\u00bb _builder_version=\u00a0\u00bb4.6.6&Prime; background_position=\u00a0\u00bbtop_center\u00a0\u00bb max_width_tablet=\u00a0\u00bb\u00a0\u00bb max_width_phone=\u00a0\u00bb\u00a0\u00bb max_width_last_edited=\u00a0\u00bbon|phone\u00a0\u00bb module_alignment=\u00a0\u00bbleft\u00a0\u00bb hover_enabled=\u00a0\u00bb0&Prime; title_text=\u00a0\u00bbshirt\u00a0\u00bb sticky_enabled=\u00a0\u00bb0&Prime;][\/et_pb_image][et_pb_text _builder_version=\u00a0\u00bb3.27.4&Prime; text_font=\u00a0\u00bb|||on|||||\u00a0\u00bb text_text_color=\u00a0\u00bb#000000&Prime; text_font_size=\u00a0\u00bb32px\u00a0\u00bb link_text_color=\u00a0\u00bb#ffffff\u00a0\u00bb link_font_size=\u00a0\u00bb32px\u00a0\u00bb text_orientation=\u00a0\u00bbcenter\u00a0\u00bb custom_margin=\u00a0\u00bb|||-30px\u00a0\u00bb custom_margin_tablet=\u00a0\u00bb||40px|\u00a0\u00bb custom_margin_phone=\u00a0\u00bb\u00a0\u00bb custom_margin_last_edited=\u00a0\u00bbon|tablet\u00a0\u00bb custom_padding=\u00a0\u00bb|||\u00a0\u00bb][\/et_pb_text][\/et_pb_column][et_pb_column type=\u00a0\u00bb1_3&Prime; _builder_version=\u00a0\u00bb3.25&Prime; custom_padding=\u00a0\u00bb|||\u00a0\u00bb custom_padding__hover=\u00a0\u00bb|||\u00a0\u00bb][et_pb_image src=\u00a0\u00bbhttps:\/\/www.negenmaandenmooi.be\/wp-content\/uploads\/2019\/08\/legging.jpg\u00a0\u00bb url=\u00a0\u00bb\/merken\/myomy\u00a0\u00bb align_tablet=\u00a0\u00bbcenter\u00a0\u00bb align_phone=\u00a0\u00bb\u00a0\u00bb align_last_edited=\u00a0\u00bbon|desktop\u00a0\u00bb module_class=\u00a0\u00bbmobile-margin-bot\u00a0\u00bb _builder_version=\u00a0\u00bb4.6.6&Prime; background_position=\u00a0\u00bbtop_center\u00a0\u00bb max_width_tablet=\u00a0\u00bb\u00a0\u00bb max_width_phone=\u00a0\u00bb\u00a0\u00bb max_width_last_edited=\u00a0\u00bbon|tablet\u00a0\u00bb module_alignment=\u00a0\u00bbright\u00a0\u00bb title_text=\u00a0\u00bblegging\u00a0\u00bb][\/et_pb_image][et_pb_text module_class=\u00a0\u00bbmobile-margin-bot-txt\u00a0\u00bb _builder_version=\u00a0\u00bb3.27.4&Prime; text_font=\u00a0\u00bb|||on|||||\u00a0\u00bb text_text_color=\u00a0\u00bb#000000&Prime; text_font_size=\u00a0\u00bb32px\u00a0\u00bb text_orientation=\u00a0\u00bbcenter\u00a0\u00bb custom_margin=\u00a0\u00bb|||\u00a0\u00bb custom_padding=\u00a0\u00bb|||\u00a0\u00bb][\/et_pb_text][\/et_pb_column][\/et_pb_row][et_pb_row column_structure=\u00a0\u00bb1_3,1_3,1_3&Prime; use_custom_gutter=\u00a0\u00bbon\u00a0\u00bb gutter_width=\u00a0\u00bb2&Prime; make_equal=\u00a0\u00bbon\u00a0\u00bb custom_padding_last_edited=\u00a0\u00bbon|desktop\u00a0\u00bb module_class=\u00a0\u00bbdoubleimage\u00a0\u00bb _builder_version=\u00a0\u00bb3.25&Prime; custom_margin=\u00a0\u00bb0px||0px|\u00a0\u00bb custom_padding=\u00a0\u00bb0px|0px|0px|0px\u00a0\u00bb custom_padding_tablet=\u00a0\u00bb\u00a0\u00bb custom_padding_phone=\u00a0\u00bb0px|||\u00a0\u00bb][et_pb_column type=\u00a0\u00bb1_3&Prime; _builder_version=\u00a0\u00bb3.25&Prime; custom_padding=\u00a0\u00bb|||\u00a0\u00bb custom_padding__hover=\u00a0\u00bb|||\u00a0\u00bb][et_pb_image src=\u00a0\u00bbhttps:\/\/www.negenmaandenmooi.be\/wp-content\/uploads\/2019\/08\/nightdress-pink.jpg\u00a0\u00bb url=\u00a0\u00bb\/merken\/expresso\u00a0\u00bb align_tablet=\u00a0\u00bbcenter\u00a0\u00bb align_phone=\u00a0\u00bb\u00a0\u00bb align_last_edited=\u00a0\u00bbon|desktop\u00a0\u00bb module_class=\u00a0\u00bbmobile-margin-bot\u00a0\u00bb _builder_version=\u00a0\u00bb4.6.6&Prime; background_position=\u00a0\u00bbtop_center\u00a0\u00bb max_width_tablet=\u00a0\u00bb\u00a0\u00bb max_width_phone=\u00a0\u00bb\u00a0\u00bb max_width_last_edited=\u00a0\u00bbon|phone\u00a0\u00bb module_alignment=\u00a0\u00bbright\u00a0\u00bb hover_enabled=\u00a0\u00bb0&Prime; title_text=\u00a0\u00bbnightdress pink\u00a0\u00bb sticky_enabled=\u00a0\u00bb0&Prime;][\/et_pb_image][et_pb_text module_class=\u00a0\u00bbmobile-margin-bot-txt\u00a0\u00bb _builder_version=\u00a0\u00bb3.27.4&Prime; text_font=\u00a0\u00bb|||on|||||\u00a0\u00bb text_text_color=\u00a0\u00bb#000000&Prime; text_font_size=\u00a0\u00bb32px\u00a0\u00bb text_orientation=\u00a0\u00bbcenter\u00a0\u00bb custom_margin=\u00a0\u00bb|||\u00a0\u00bb custom_padding=\u00a0\u00bb|||\u00a0\u00bb][\/et_pb_text][\/et_pb_column][et_pb_column type=\u00a0\u00bb1_3&Prime; _builder_version=\u00a0\u00bb3.25&Prime; custom_padding=\u00a0\u00bb|||\u00a0\u00bb custom_padding__hover=\u00a0\u00bb|||\u00a0\u00bb][et_pb_image src=\u00a0\u00bbhttps:\/\/www.negenmaandenmooi.be\/wp-content\/uploads\/2019\/08\/longsleeve.jpg\u00a0\u00bb url=\u00a0\u00bb\/merken\/by-bar\u00a0\u00bb align_tablet=\u00a0\u00bbcenter\u00a0\u00bb align_phone=\u00a0\u00bb\u00a0\u00bb align_last_edited=\u00a0\u00bbon|desktop\u00a0\u00bb module_class=\u00a0\u00bbbottom-small\u00a0\u00bb _builder_version=\u00a0\u00bb4.6.6&Prime; background_position=\u00a0\u00bbtop_center\u00a0\u00bb max_width_tablet=\u00a0\u00bb\u00a0\u00bb max_width_phone=\u00a0\u00bb\u00a0\u00bb max_width_last_edited=\u00a0\u00bbon|phone\u00a0\u00bb module_alignment=\u00a0\u00bbleft\u00a0\u00bb hover_enabled=\u00a0\u00bb0&Prime; title_text=\u00a0\u00bblongsleeve\u00a0\u00bb sticky_enabled=\u00a0\u00bb0&Prime;][\/et_pb_image][et_pb_text _builder_version=\u00a0\u00bb3.27.4&Prime; text_font=\u00a0\u00bb|||on|||||\u00a0\u00bb text_text_color=\u00a0\u00bb#000000&Prime; text_font_size=\u00a0\u00bb32px\u00a0\u00bb link_text_color=\u00a0\u00bb#ffffff\u00a0\u00bb link_font_size=\u00a0\u00bb32px\u00a0\u00bb text_orientation=\u00a0\u00bbcenter\u00a0\u00bb custom_margin=\u00a0\u00bb|||-30px\u00a0\u00bb custom_margin_tablet=\u00a0\u00bb||40px|\u00a0\u00bb custom_margin_phone=\u00a0\u00bb\u00a0\u00bb custom_margin_last_edited=\u00a0\u00bbon|tablet\u00a0\u00bb custom_padding=\u00a0\u00bb|||\u00a0\u00bb][\/et_pb_text][\/et_pb_column][et_pb_column type=\u00a0\u00bb1_3&Prime; _builder_version=\u00a0\u00bb3.25&Prime; custom_padding=\u00a0\u00bb|||\u00a0\u00bb custom_padding__hover=\u00a0\u00bb|||\u00a0\u00bb][et_pb_image src=\u00a0\u00bbhttps:\/\/www.negenmaandenmooi.be\/wp-content\/uploads\/2021\/01\/ml26.jpg\u00a0\u00bb url=\u00a0\u00bb\/merken\/by-bar\u00a0\u00bb align_tablet=\u00a0\u00bbcenter\u00a0\u00bb align_phone=\u00a0\u00bb\u00a0\u00bb align_last_edited=\u00a0\u00bbon|desktop\u00a0\u00bb module_class=\u00a0\u00bbbottom-small\u00a0\u00bb _builder_version=\u00a0\u00bb4.6.6&Prime; background_position=\u00a0\u00bbtop_center\u00a0\u00bb max_width_tablet=\u00a0\u00bb\u00a0\u00bb max_width_phone=\u00a0\u00bb\u00a0\u00bb max_width_last_edited=\u00a0\u00bbon|phone\u00a0\u00bb module_alignment=\u00a0\u00bbleft\u00a0\u00bb hover_enabled=\u00a0\u00bb0&Prime; title_text=\u00a0\u00bbml26&Prime; sticky_enabled=\u00a0\u00bb0&Prime;][\/et_pb_image][et_pb_text module_class=\u00a0\u00bbmobile-margin-bot-txt\u00a0\u00bb _builder_version=\u00a0\u00bb3.27.4&Prime; text_font=\u00a0\u00bb|||on|||||\u00a0\u00bb text_text_color=\u00a0\u00bb#000000&Prime; text_font_size=\u00a0\u00bb32px\u00a0\u00bb text_orientation=\u00a0\u00bbcenter\u00a0\u00bb custom_margin=\u00a0\u00bb|||\u00a0\u00bb custom_padding=\u00a0\u00bb|||\u00a0\u00bb][\/et_pb_text][\/et_pb_column][\/et_pb_row][\/et_pb_section]<\/p>\n","protected":false},"excerpt":{"rendered":"","protected":false},"author":7,"featured_media":0,"parent":1417,"menu_order":0,"comment_status":"closed","ping_status":"closed","template":"","meta":{"_et_pb_use_builder":"on","_et_pb_old_content":"","_et_gb_content_width":"","inline_featured_image":false,"footnotes":""},"class_list":["post-1517","page","type-page","status-publish","hentry"],"yoast_head":"<!-- This site is optimized with the Yoast SEO plugin v27.3 - https:\/\/yoast.com\/product\/yoast-seo-wordpress\/ -->\n<title>V\u00eatements de nuit grossess I magasin Neuf Mois Belle<\/title>\n<meta name=\"description\" content=\"D\u00e9couvrez la grande collection de v\u00eatements de nuit grossesse &amp; allaitement chez Neuf Mois Belle. Visitez notre magasin \u00e0 Dilbeek\" \/>\n<meta name=\"robots\" content=\"index, follow, max-snippet:-1, max-image-preview:large, max-video-preview:-1\" \/>\n<link rel=\"canonical\" href=\"https:\/\/www.negenmaandenmooi.be\/fr\/collection\/vetements-de-nuit\/\" \/>\n<meta property=\"og:locale\" content=\"fr_FR\" \/>\n<meta property=\"og:type\" content=\"article\" \/>\n<meta property=\"og:title\" content=\"V\u00eatements de nuit grossess I magasin Neuf Mois Belle\" \/>\n<meta property=\"og:description\" content=\"D\u00e9couvrez la grande collection de v\u00eatements de nuit grossesse &amp; allaitement chez Neuf Mois Belle. Visitez notre magasin \u00e0 Dilbeek\" \/>\n<meta property=\"og:url\" content=\"https:\/\/www.negenmaandenmooi.be\/fr\/collection\/vetements-de-nuit\/\" \/>\n<meta property=\"og:site_name\" content=\"Negen Maanden Mooi\" \/>\n<meta property=\"article:publisher\" content=\"https:\/\/www.facebook.com\/mooidameskleding\" \/>\n<meta property=\"article:modified_time\" content=\"2021-01-21T12:34:03+00:00\" \/>\n<meta name=\"twitter:card\" content=\"summary_large_image\" \/>\n<meta name=\"twitter:label1\" content=\"Dur\u00e9e de lecture estim\u00e9e\" \/>\n\t<meta name=\"twitter:data1\" content=\"6 minutes\" \/>\n<script type=\"application\/ld+json\" class=\"yoast-schema-graph\">{\"@context\":\"https:\\\/\\\/schema.org\",\"@graph\":[{\"@type\":\"WebPage\",\"@id\":\"https:\\\/\\\/www.negenmaandenmooi.be\\\/fr\\\/collection\\\/vetements-de-nuit\\\/\",\"url\":\"https:\\\/\\\/www.negenmaandenmooi.be\\\/fr\\\/collection\\\/vetements-de-nuit\\\/\",\"name\":\"V\u00eatements de nuit grossess I magasin Neuf Mois Belle\",\"isPartOf\":{\"@id\":\"https:\\\/\\\/www.negenmaandenmooi.be\\\/#website\"},\"datePublished\":\"2019-05-02T12:39:34+00:00\",\"dateModified\":\"2021-01-21T12:34:03+00:00\",\"description\":\"D\u00e9couvrez la grande collection de v\u00eatements de nuit grossesse & allaitement chez Neuf Mois Belle. Visitez notre magasin \u00e0 Dilbeek\",\"breadcrumb\":{\"@id\":\"https:\\\/\\\/www.negenmaandenmooi.be\\\/fr\\\/collection\\\/vetements-de-nuit\\\/#breadcrumb\"},\"inLanguage\":\"fr-FR\",\"potentialAction\":[{\"@type\":\"ReadAction\",\"target\":[\"https:\\\/\\\/www.negenmaandenmooi.be\\\/fr\\\/collection\\\/vetements-de-nuit\\\/\"]}]},{\"@type\":\"BreadcrumbList\",\"@id\":\"https:\\\/\\\/www.negenmaandenmooi.be\\\/fr\\\/collection\\\/vetements-de-nuit\\\/#breadcrumb\",\"itemListElement\":[{\"@type\":\"ListItem\",\"position\":1,\"name\":\"Home\",\"item\":\"https:\\\/\\\/www.negenmaandenmooi.be\\\/fr\\\/\"},{\"@type\":\"ListItem\",\"position\":2,\"name\":\"Collection\",\"item\":\"https:\\\/\\\/www.negenmaandenmooi.be\\\/fr\\\/collection\\\/\"},{\"@type\":\"ListItem\",\"position\":3,\"name\":\"V\u00eatements de nuit\"}]},{\"@type\":\"WebSite\",\"@id\":\"https:\\\/\\\/www.negenmaandenmooi.be\\\/#website\",\"url\":\"https:\\\/\\\/www.negenmaandenmooi.be\\\/\",\"name\":\"Negen Maanden Mooi\",\"description\":\"\",\"publisher\":{\"@id\":\"https:\\\/\\\/www.negenmaandenmooi.be\\\/#organization\"},\"potentialAction\":[{\"@type\":\"SearchAction\",\"target\":{\"@type\":\"EntryPoint\",\"urlTemplate\":\"https:\\\/\\\/www.negenmaandenmooi.be\\\/?s={search_term_string}\"},\"query-input\":{\"@type\":\"PropertyValueSpecification\",\"valueRequired\":true,\"valueName\":\"search_term_string\"}}],\"inLanguage\":\"fr-FR\"},{\"@type\":\"Organization\",\"@id\":\"https:\\\/\\\/www.negenmaandenmooi.be\\\/#organization\",\"name\":\"Negen Maanden Mooi\",\"url\":\"https:\\\/\\\/www.negenmaandenmooi.be\\\/\",\"logo\":{\"@type\":\"ImageObject\",\"inLanguage\":\"fr-FR\",\"@id\":\"https:\\\/\\\/www.negenmaandenmooi.be\\\/#\\\/schema\\\/logo\\\/image\\\/\",\"url\":\"https:\\\/\\\/www.negenmaandenmooi.be\\\/wp-content\\\/uploads\\\/2018\\\/09\\\/LOGO-MOOI-WEB.png\",\"contentUrl\":\"https:\\\/\\\/www.negenmaandenmooi.be\\\/wp-content\\\/uploads\\\/2018\\\/09\\\/LOGO-MOOI-WEB.png\",\"width\":568,\"height\":568,\"caption\":\"Negen Maanden Mooi\"},\"image\":{\"@id\":\"https:\\\/\\\/www.negenmaandenmooi.be\\\/#\\\/schema\\\/logo\\\/image\\\/\"},\"sameAs\":[\"https:\\\/\\\/www.facebook.com\\\/mooidameskleding\"]}]}<\/script>\n<!-- \/ Yoast SEO plugin. -->","yoast_head_json":{"title":"V\u00eatements de nuit grossess I magasin Neuf Mois Belle","description":"D\u00e9couvrez la grande collection de v\u00eatements de nuit grossesse & allaitement chez Neuf Mois Belle. Visitez notre magasin \u00e0 Dilbeek","robots":{"index":"index","follow":"follow","max-snippet":"max-snippet:-1","max-image-preview":"max-image-preview:large","max-video-preview":"max-video-preview:-1"},"canonical":"https:\/\/www.negenmaandenmooi.be\/fr\/collection\/vetements-de-nuit\/","og_locale":"fr_FR","og_type":"article","og_title":"V\u00eatements de nuit grossess I magasin Neuf Mois Belle","og_description":"D\u00e9couvrez la grande collection de v\u00eatements de nuit grossesse & allaitement chez Neuf Mois Belle. Visitez notre magasin \u00e0 Dilbeek","og_url":"https:\/\/www.negenmaandenmooi.be\/fr\/collection\/vetements-de-nuit\/","og_site_name":"Negen Maanden Mooi","article_publisher":"https:\/\/www.facebook.com\/mooidameskleding","article_modified_time":"2021-01-21T12:34:03+00:00","twitter_card":"summary_large_image","twitter_misc":{"Dur\u00e9e de lecture estim\u00e9e":"6 minutes"},"schema":{"@context":"https:\/\/schema.org","@graph":[{"@type":"WebPage","@id":"https:\/\/www.negenmaandenmooi.be\/fr\/collection\/vetements-de-nuit\/","url":"https:\/\/www.negenmaandenmooi.be\/fr\/collection\/vetements-de-nuit\/","name":"V\u00eatements de nuit grossess I magasin Neuf Mois Belle","isPartOf":{"@id":"https:\/\/www.negenmaandenmooi.be\/#website"},"datePublished":"2019-05-02T12:39:34+00:00","dateModified":"2021-01-21T12:34:03+00:00","description":"D\u00e9couvrez la grande collection de v\u00eatements de nuit grossesse & allaitement chez Neuf Mois Belle. Visitez notre magasin \u00e0 Dilbeek","breadcrumb":{"@id":"https:\/\/www.negenmaandenmooi.be\/fr\/collection\/vetements-de-nuit\/#breadcrumb"},"inLanguage":"fr-FR","potentialAction":[{"@type":"ReadAction","target":["https:\/\/www.negenmaandenmooi.be\/fr\/collection\/vetements-de-nuit\/"]}]},{"@type":"BreadcrumbList","@id":"https:\/\/www.negenmaandenmooi.be\/fr\/collection\/vetements-de-nuit\/#breadcrumb","itemListElement":[{"@type":"ListItem","position":1,"name":"Home","item":"https:\/\/www.negenmaandenmooi.be\/fr\/"},{"@type":"ListItem","position":2,"name":"Collection","item":"https:\/\/www.negenmaandenmooi.be\/fr\/collection\/"},{"@type":"ListItem","position":3,"name":"V\u00eatements de nuit"}]},{"@type":"WebSite","@id":"https:\/\/www.negenmaandenmooi.be\/#website","url":"https:\/\/www.negenmaandenmooi.be\/","name":"Negen Maanden Mooi","description":"","publisher":{"@id":"https:\/\/www.negenmaandenmooi.be\/#organization"},"potentialAction":[{"@type":"SearchAction","target":{"@type":"EntryPoint","urlTemplate":"https:\/\/www.negenmaandenmooi.be\/?s={search_term_string}"},"query-input":{"@type":"PropertyValueSpecification","valueRequired":true,"valueName":"search_term_string"}}],"inLanguage":"fr-FR"},{"@type":"Organization","@id":"https:\/\/www.negenmaandenmooi.be\/#organization","name":"Negen Maanden Mooi","url":"https:\/\/www.negenmaandenmooi.be\/","logo":{"@type":"ImageObject","inLanguage":"fr-FR","@id":"https:\/\/www.negenmaandenmooi.be\/#\/schema\/logo\/image\/","url":"https:\/\/www.negenmaandenmooi.be\/wp-content\/uploads\/2018\/09\/LOGO-MOOI-WEB.png","contentUrl":"https:\/\/www.negenmaandenmooi.be\/wp-content\/uploads\/2018\/09\/LOGO-MOOI-WEB.png","width":568,"height":568,"caption":"Negen Maanden Mooi"},"image":{"@id":"https:\/\/www.negenmaandenmooi.be\/#\/schema\/logo\/image\/"},"sameAs":["https:\/\/www.facebook.com\/mooidameskleding"]}]}},"_links":{"self":[{"href":"https:\/\/www.negenmaandenmooi.be\/fr\/wp-json\/wp\/v2\/pages\/1517","targetHints":{"allow":["GET"]}}],"collection":[{"href":"https:\/\/www.negenmaandenmooi.be\/fr\/wp-json\/wp\/v2\/pages"}],"about":[{"href":"https:\/\/www.negenmaandenmooi.be\/fr\/wp-json\/wp\/v2\/types\/page"}],"author":[{"embeddable":true,"href":"https:\/\/www.negenmaandenmooi.be\/fr\/wp-json\/wp\/v2\/users\/7"}],"replies":[{"embeddable":true,"href":"https:\/\/www.negenmaandenmooi.be\/fr\/wp-json\/wp\/v2\/comments?post=1517"}],"version-history":[{"count":4,"href":"https:\/\/www.negenmaandenmooi.be\/fr\/wp-json\/wp\/v2\/pages\/1517\/revisions"}],"predecessor-version":[{"id":4097,"href":"https:\/\/www.negenmaandenmooi.be\/fr\/wp-json\/wp\/v2\/pages\/1517\/revisions\/4097"}],"up":[{"embeddable":true,"href":"https:\/\/www.negenmaandenmooi.be\/fr\/wp-json\/wp\/v2\/pages\/1417"}],"wp:attachment":[{"href":"https:\/\/www.negenmaandenmooi.be\/fr\/wp-json\/wp\/v2\/media?parent=1517"}],"curies":[{"name":"wp","href":"https:\/\/api.w.org\/{rel}","templated":true}]}}