

{"id":1429,"date":"2018-09-14T16:17:31","date_gmt":"2018-09-14T16:17:31","guid":{"rendered":"https:\/\/www.negenmaandenmooi.be\/over-ons\/"},"modified":"2023-03-22T21:04:26","modified_gmt":"2023-03-22T21:04:26","slug":"apropos","status":"publish","type":"page","link":"https:\/\/www.negenmaandenmooi.be\/fr\/apropos\/","title":{"rendered":"A propos"},"content":{"rendered":"<p>[et_pb_section fb_built=\u00a0\u00bb1&Prime; _builder_version=\u00a0\u00bb3.22&Prime; global_colors_info=\u00a0\u00bb{}\u00a0\u00bb][et_pb_row _builder_version=\u00a0\u00bb3.25&Prime; custom_padding=\u00a0\u00bb27px|0px|0|0px|false|false\u00a0\u00bb global_colors_info=\u00a0\u00bb{}\u00a0\u00bb column_structure=\u00a0\u00bb3_5,2_5&Prime;][et_pb_column type=\u00a0\u00bb3_5&Prime; module_class=\u00a0\u00bbresp-image-col\u00a0\u00bb _builder_version=\u00a0\u00bb3.25&Prime; custom_padding=\u00a0\u00bb|||\u00a0\u00bb global_colors_info=\u00a0\u00bb{}\u00a0\u00bb custom_padding__hover=\u00a0\u00bb|||\u00a0\u00bb][et_pb_text _builder_version=\u00a0\u00bb3.27.4&Prime; text_font=\u00a0\u00bb||||||||\u00a0\u00bb text_text_color=\u00a0\u00bb#000000&Prime; text_font_size=\u00a0\u00bb16px\u00a0\u00bb global_colors_info=\u00a0\u00bb{}\u00a0\u00bb]<\/p>\n<h2>\u00c0 propos de Neuf Mois Belle<\/h2>\n<p>&nbsp;<\/p>\n<p>En 2005, j&rsquo;attendais notre premier enfant. Je cherchais des v\u00eatements dans lesquels je me sentirais branch\u00e9e et f\u00e9minine, mais je n&rsquo;ai trouv\u00e9 que tr\u00e8s peu de boutiques proposant de beaux v\u00eatements de grossesse \u00e0 des prix abordables. C&rsquo;est alors qu&rsquo;est n\u00e9e l&rsquo;id\u00e9e de Negen Maanden Mooi.<\/p>\n<p>Dans la boutique, nous accueillons des femmes enceintes de toute la Belgique (et parfois des Pays-Bas). Notre mission est de faire en sorte que les femmes enceintes se sentent bien dans leur peau pendant 9 mois. Heureusement, les beaux v\u00eatements de grossesse ne sont pas forc\u00e9ment chers. Nous avons d\u00e9j\u00e0 de superbes robes \u00e0 partir de 34,99 \u20ac.<\/p>\n<p>Beaucoup de nos v\u00eatements peuvent \u00e9galement \u00eatre port\u00e9s apr\u00e8s la grossesse. Souvent, les v\u00eatements peuvent \u00e9galement \u00eatre utilis\u00e9s pour un allaitement discret.<\/p>\n<p>Nous disposons \u00e9galement d&rsquo;une large gamme de lingerie pour la grossesse et l&rsquo;apr\u00e8s-grossesse. Car au d\u00e9but, ce sont surtout les seins qui donnent l&rsquo;impression d&rsquo;\u00eatre enceinte. Nous mesurons votre taille de mani\u00e8re professionnelle et vous donnons des conseils clairs.<\/p>\n<p>Nous avons r\u00e9cemment agrandi notre magasin et disposons d\u00e9sormais de la plus grande collection de f\u00eate de Belgique.<\/p>\n<p>&nbsp;<\/p>\n<p>Salutations<\/p>\n<p>Ankie &amp; Lieve<\/p>\n<p>&nbsp;<\/p>\n<p>&nbsp;<\/p>\n<p>&nbsp;<\/p>\n<p>[\/et_pb_text][\/et_pb_column][et_pb_column type=\u00a0\u00bb2_5&Prime; _builder_version=\u00a0\u00bb3.25&Prime; custom_padding=\u00a0\u00bb|||\u00a0\u00bb global_colors_info=\u00a0\u00bb{}\u00a0\u00bb custom_padding__hover=\u00a0\u00bb|||\u00a0\u00bb][et_pb_image src=\u00a0\u00bbhttps:\/\/www.negenmaandenmooi.be\/wp-content\/uploads\/2019\/04\/Familie.jpg\u00a0\u00bb show_in_lightbox=\u00a0\u00bbon\u00a0\u00bb align_tablet=\u00a0\u00bbcenter\u00a0\u00bb align_last_edited=\u00a0\u00bbon|desktop\u00a0\u00bb _builder_version=\u00a0\u00bb3.23&Prime; background_size=\u00a0\u00bbinitial\u00a0\u00bb background_position=\u00a0\u00bbtop_center\u00a0\u00bb max_width=\u00a0\u00bb98.5%\u00a0\u00bb max_width_tablet=\u00a0\u00bb75%\u00a0\u00bb max_width_phone=\u00a0\u00bb65%\u00a0\u00bb max_width_last_edited=\u00a0\u00bbon|desktop\u00a0\u00bb custom_margin_tablet=\u00a0\u00bb||0px|\u00a0\u00bb custom_margin_phone=\u00a0\u00bb||30px|\u00a0\u00bb custom_margin_last_edited=\u00a0\u00bbon|phone\u00a0\u00bb custom_padding_tablet=\u00a0\u00bb\u00a0\u00bb custom_padding_phone=\u00a0\u00bb||0px|\u00a0\u00bb custom_padding_last_edited=\u00a0\u00bbon|tablet\u00a0\u00bb global_colors_info=\u00a0\u00bb{}\u00a0\u00bb align_phone=\u00a0\u00bbcenter\u00a0\u00bb][\/et_pb_image][et_pb_image src=\u00a0\u00bbhttps:\/\/www.negenmaandenmooi.be\/wp-content\/uploads\/2019\/04\/Banner_winkelpagina_klein1.jpg\u00a0\u00bb show_in_lightbox=\u00a0\u00bbon\u00a0\u00bb show_bottom_space=\u00a0\u00bboff\u00a0\u00bb align_tablet=\u00a0\u00bbcenter\u00a0\u00bb align_last_edited=\u00a0\u00bbon|desktop\u00a0\u00bb _builder_version=\u00a0\u00bb3.23&Prime; background_size=\u00a0\u00bbcontain\u00a0\u00bb background_position=\u00a0\u00bbtop_center\u00a0\u00bb max_width=\u00a0\u00bb98.5%\u00a0\u00bb max_width_tablet=\u00a0\u00bb75%\u00a0\u00bb max_width_phone=\u00a0\u00bb65%\u00a0\u00bb max_width_last_edited=\u00a0\u00bbon|desktop\u00a0\u00bb custom_margin_tablet=\u00a0\u00bb\u00a0\u00bb custom_margin_phone=\u00a0\u00bb\u00a0\u00bb custom_margin_last_edited=\u00a0\u00bbon|phone\u00a0\u00bb custom_padding_tablet=\u00a0\u00bb\u00a0\u00bb custom_padding_phone=\u00a0\u00bb\u00a0\u00bb custom_padding_last_edited=\u00a0\u00bbon|desktop\u00a0\u00bb global_colors_info=\u00a0\u00bb{}\u00a0\u00bb align_phone=\u00a0\u00bbcenter\u00a0\u00bb][\/et_pb_image][et_pb_image src=\u00a0\u00bbhttps:\/\/www.negenmaandenmooi.be\/wp-content\/uploads\/2019\/04\/Ankie-Lieve2.jpg\u00a0\u00bb show_in_lightbox=\u00a0\u00bbon\u00a0\u00bb show_bottom_space=\u00a0\u00bboff\u00a0\u00bb align_tablet=\u00a0\u00bbcenter\u00a0\u00bb align_last_edited=\u00a0\u00bbon|desktop\u00a0\u00bb _builder_version=\u00a0\u00bb3.23&Prime; background_size=\u00a0\u00bbinitial\u00a0\u00bb background_position=\u00a0\u00bbtop_center\u00a0\u00bb max_width=\u00a0\u00bb98.5%\u00a0\u00bb max_width_tablet=\u00a0\u00bb75%\u00a0\u00bb max_width_phone=\u00a0\u00bb65%\u00a0\u00bb max_width_last_edited=\u00a0\u00bbon|phone\u00a0\u00bb custom_margin_tablet=\u00a0\u00bb\u00a0\u00bb custom_margin_phone=\u00a0\u00bb\u00a0\u00bb custom_margin_last_edited=\u00a0\u00bbon|phone\u00a0\u00bb custom_padding_tablet=\u00a0\u00bb\u00a0\u00bb custom_padding_phone=\u00a0\u00bb\u00a0\u00bb custom_padding_last_edited=\u00a0\u00bbon|phone\u00a0\u00bb global_colors_info=\u00a0\u00bb{}\u00a0\u00bb align_phone=\u00a0\u00bbcenter\u00a0\u00bb][\/et_pb_image][\/et_pb_column][\/et_pb_row][\/et_pb_section]<\/p>\n","protected":false},"excerpt":{"rendered":"<p>\u00c0 propos de Neuf Mois Belle &nbsp; En 2005, j&rsquo;attendais notre premier enfant. Je cherchais des v\u00eatements dans lesquels je me sentirais branch\u00e9e et f\u00e9minine, mais je n&rsquo;ai trouv\u00e9 que tr\u00e8s peu de boutiques proposant de beaux v\u00eatements de grossesse \u00e0 des prix abordables. C&rsquo;est alors qu&rsquo;est n\u00e9e l&rsquo;id\u00e9e de Negen Maanden Mooi. Dans la [&hellip;]<\/p>\n","protected":false},"author":1,"featured_media":0,"parent":0,"menu_order":0,"comment_status":"closed","ping_status":"closed","template":"","meta":{"_et_pb_use_builder":"on","_et_pb_old_content":"","_et_gb_content_width":"","inline_featured_image":false,"footnotes":""},"class_list":["post-1429","page","type-page","status-publish","hentry"],"yoast_head":"<!-- This site is optimized with the Yoast SEO plugin v27.4 - https:\/\/yoast.com\/product\/yoast-seo-wordpress\/ -->\n<title>A propos - Negen Maanden Mooi - We Love Belgian Fashion<\/title>\n<meta name=\"description\" content=\"Mooi dameskleding staat voor kwalitatieve en eerlijke dameskleding tegen een goede prijs voor alle pasvormen, met een focus op de iets grotere maatjes.\" \/>\n<meta name=\"robots\" content=\"index, follow, max-snippet:-1, max-image-preview:large, max-video-preview:-1\" \/>\n<link rel=\"canonical\" href=\"https:\/\/www.negenmaandenmooi.be\/fr\/apropos\/\" \/>\n<meta property=\"og:locale\" content=\"fr_FR\" \/>\n<meta property=\"og:type\" content=\"article\" \/>\n<meta property=\"og:title\" content=\"A propos - Negen Maanden Mooi - We Love Belgian Fashion\" \/>\n<meta property=\"og:description\" content=\"Mooi dameskleding staat voor kwalitatieve en eerlijke dameskleding tegen een goede prijs voor alle pasvormen, met een focus op de iets grotere maatjes.\" \/>\n<meta property=\"og:url\" content=\"https:\/\/www.negenmaandenmooi.be\/fr\/apropos\/\" \/>\n<meta property=\"og:site_name\" content=\"Negen Maanden Mooi\" \/>\n<meta property=\"article:publisher\" content=\"https:\/\/www.facebook.com\/mooidameskleding\" \/>\n<meta property=\"article:modified_time\" content=\"2023-03-22T21:04:26+00:00\" \/>\n<meta name=\"twitter:card\" content=\"summary_large_image\" \/>\n<meta name=\"twitter:label1\" content=\"Dur\u00e9e de lecture estim\u00e9e\" \/>\n\t<meta name=\"twitter:data1\" content=\"3 minutes\" \/>\n<script type=\"application\/ld+json\" class=\"yoast-schema-graph\">{\"@context\":\"https:\\\/\\\/schema.org\",\"@graph\":[{\"@type\":\"WebPage\",\"@id\":\"https:\\\/\\\/www.negenmaandenmooi.be\\\/fr\\\/apropos\\\/\",\"url\":\"https:\\\/\\\/www.negenmaandenmooi.be\\\/fr\\\/apropos\\\/\",\"name\":\"A propos - Negen Maanden Mooi - We Love Belgian Fashion\",\"isPartOf\":{\"@id\":\"https:\\\/\\\/www.negenmaandenmooi.be\\\/#website\"},\"datePublished\":\"2018-09-14T16:17:31+00:00\",\"dateModified\":\"2023-03-22T21:04:26+00:00\",\"description\":\"Mooi dameskleding staat voor kwalitatieve en eerlijke dameskleding tegen een goede prijs voor alle pasvormen, met een focus op de iets grotere maatjes.\",\"breadcrumb\":{\"@id\":\"https:\\\/\\\/www.negenmaandenmooi.be\\\/fr\\\/apropos\\\/#breadcrumb\"},\"inLanguage\":\"fr-FR\",\"potentialAction\":[{\"@type\":\"ReadAction\",\"target\":[\"https:\\\/\\\/www.negenmaandenmooi.be\\\/fr\\\/apropos\\\/\"]}]},{\"@type\":\"BreadcrumbList\",\"@id\":\"https:\\\/\\\/www.negenmaandenmooi.be\\\/fr\\\/apropos\\\/#breadcrumb\",\"itemListElement\":[{\"@type\":\"ListItem\",\"position\":1,\"name\":\"Home\",\"item\":\"https:\\\/\\\/www.negenmaandenmooi.be\\\/fr\\\/\"},{\"@type\":\"ListItem\",\"position\":2,\"name\":\"A propos\"}]},{\"@type\":\"WebSite\",\"@id\":\"https:\\\/\\\/www.negenmaandenmooi.be\\\/#website\",\"url\":\"https:\\\/\\\/www.negenmaandenmooi.be\\\/\",\"name\":\"Negen Maanden Mooi\",\"description\":\"\",\"publisher\":{\"@id\":\"https:\\\/\\\/www.negenmaandenmooi.be\\\/#organization\"},\"potentialAction\":[{\"@type\":\"SearchAction\",\"target\":{\"@type\":\"EntryPoint\",\"urlTemplate\":\"https:\\\/\\\/www.negenmaandenmooi.be\\\/?s={search_term_string}\"},\"query-input\":{\"@type\":\"PropertyValueSpecification\",\"valueRequired\":true,\"valueName\":\"search_term_string\"}}],\"inLanguage\":\"fr-FR\"},{\"@type\":\"Organization\",\"@id\":\"https:\\\/\\\/www.negenmaandenmooi.be\\\/#organization\",\"name\":\"Negen Maanden Mooi\",\"url\":\"https:\\\/\\\/www.negenmaandenmooi.be\\\/\",\"logo\":{\"@type\":\"ImageObject\",\"inLanguage\":\"fr-FR\",\"@id\":\"https:\\\/\\\/www.negenmaandenmooi.be\\\/#\\\/schema\\\/logo\\\/image\\\/\",\"url\":\"https:\\\/\\\/www.negenmaandenmooi.be\\\/wp-content\\\/uploads\\\/2018\\\/09\\\/LOGO-MOOI-WEB.png\",\"contentUrl\":\"https:\\\/\\\/www.negenmaandenmooi.be\\\/wp-content\\\/uploads\\\/2018\\\/09\\\/LOGO-MOOI-WEB.png\",\"width\":568,\"height\":568,\"caption\":\"Negen Maanden Mooi\"},\"image\":{\"@id\":\"https:\\\/\\\/www.negenmaandenmooi.be\\\/#\\\/schema\\\/logo\\\/image\\\/\"},\"sameAs\":[\"https:\\\/\\\/www.facebook.com\\\/mooidameskleding\"]}]}<\/script>\n<!-- \/ Yoast SEO plugin. -->","yoast_head_json":{"title":"A propos - Negen Maanden Mooi - We Love Belgian Fashion","description":"Mooi dameskleding staat voor kwalitatieve en eerlijke dameskleding tegen een goede prijs voor alle pasvormen, met een focus op de iets grotere maatjes.","robots":{"index":"index","follow":"follow","max-snippet":"max-snippet:-1","max-image-preview":"max-image-preview:large","max-video-preview":"max-video-preview:-1"},"canonical":"https:\/\/www.negenmaandenmooi.be\/fr\/apropos\/","og_locale":"fr_FR","og_type":"article","og_title":"A propos - Negen Maanden Mooi - We Love Belgian Fashion","og_description":"Mooi dameskleding staat voor kwalitatieve en eerlijke dameskleding tegen een goede prijs voor alle pasvormen, met een focus op de iets grotere maatjes.","og_url":"https:\/\/www.negenmaandenmooi.be\/fr\/apropos\/","og_site_name":"Negen Maanden Mooi","article_publisher":"https:\/\/www.facebook.com\/mooidameskleding","article_modified_time":"2023-03-22T21:04:26+00:00","twitter_card":"summary_large_image","twitter_misc":{"Dur\u00e9e de lecture estim\u00e9e":"3 minutes"},"schema":{"@context":"https:\/\/schema.org","@graph":[{"@type":"WebPage","@id":"https:\/\/www.negenmaandenmooi.be\/fr\/apropos\/","url":"https:\/\/www.negenmaandenmooi.be\/fr\/apropos\/","name":"A propos - Negen Maanden Mooi - We Love Belgian Fashion","isPartOf":{"@id":"https:\/\/www.negenmaandenmooi.be\/#website"},"datePublished":"2018-09-14T16:17:31+00:00","dateModified":"2023-03-22T21:04:26+00:00","description":"Mooi dameskleding staat voor kwalitatieve en eerlijke dameskleding tegen een goede prijs voor alle pasvormen, met een focus op de iets grotere maatjes.","breadcrumb":{"@id":"https:\/\/www.negenmaandenmooi.be\/fr\/apropos\/#breadcrumb"},"inLanguage":"fr-FR","potentialAction":[{"@type":"ReadAction","target":["https:\/\/www.negenmaandenmooi.be\/fr\/apropos\/"]}]},{"@type":"BreadcrumbList","@id":"https:\/\/www.negenmaandenmooi.be\/fr\/apropos\/#breadcrumb","itemListElement":[{"@type":"ListItem","position":1,"name":"Home","item":"https:\/\/www.negenmaandenmooi.be\/fr\/"},{"@type":"ListItem","position":2,"name":"A propos"}]},{"@type":"WebSite","@id":"https:\/\/www.negenmaandenmooi.be\/#website","url":"https:\/\/www.negenmaandenmooi.be\/","name":"Negen Maanden Mooi","description":"","publisher":{"@id":"https:\/\/www.negenmaandenmooi.be\/#organization"},"potentialAction":[{"@type":"SearchAction","target":{"@type":"EntryPoint","urlTemplate":"https:\/\/www.negenmaandenmooi.be\/?s={search_term_string}"},"query-input":{"@type":"PropertyValueSpecification","valueRequired":true,"valueName":"search_term_string"}}],"inLanguage":"fr-FR"},{"@type":"Organization","@id":"https:\/\/www.negenmaandenmooi.be\/#organization","name":"Negen Maanden Mooi","url":"https:\/\/www.negenmaandenmooi.be\/","logo":{"@type":"ImageObject","inLanguage":"fr-FR","@id":"https:\/\/www.negenmaandenmooi.be\/#\/schema\/logo\/image\/","url":"https:\/\/www.negenmaandenmooi.be\/wp-content\/uploads\/2018\/09\/LOGO-MOOI-WEB.png","contentUrl":"https:\/\/www.negenmaandenmooi.be\/wp-content\/uploads\/2018\/09\/LOGO-MOOI-WEB.png","width":568,"height":568,"caption":"Negen Maanden Mooi"},"image":{"@id":"https:\/\/www.negenmaandenmooi.be\/#\/schema\/logo\/image\/"},"sameAs":["https:\/\/www.facebook.com\/mooidameskleding"]}]}},"_links":{"self":[{"href":"https:\/\/www.negenmaandenmooi.be\/fr\/wp-json\/wp\/v2\/pages\/1429","targetHints":{"allow":["GET"]}}],"collection":[{"href":"https:\/\/www.negenmaandenmooi.be\/fr\/wp-json\/wp\/v2\/pages"}],"about":[{"href":"https:\/\/www.negenmaandenmooi.be\/fr\/wp-json\/wp\/v2\/types\/page"}],"author":[{"embeddable":true,"href":"https:\/\/www.negenmaandenmooi.be\/fr\/wp-json\/wp\/v2\/users\/1"}],"replies":[{"embeddable":true,"href":"https:\/\/www.negenmaandenmooi.be\/fr\/wp-json\/wp\/v2\/comments?post=1429"}],"version-history":[{"count":12,"href":"https:\/\/www.negenmaandenmooi.be\/fr\/wp-json\/wp\/v2\/pages\/1429\/revisions"}],"predecessor-version":[{"id":6718,"href":"https:\/\/www.negenmaandenmooi.be\/fr\/wp-json\/wp\/v2\/pages\/1429\/revisions\/6718"}],"wp:attachment":[{"href":"https:\/\/www.negenmaandenmooi.be\/fr\/wp-json\/wp\/v2\/media?parent=1429"}],"curies":[{"name":"wp","href":"https:\/\/api.w.org\/{rel}","templated":true}]}}