

{"id":1427,"date":"2019-03-25T12:34:59","date_gmt":"2019-03-25T12:34:59","guid":{"rendered":"https:\/\/www.negenmaandenmooi.be\/outlet\/"},"modified":"2025-10-30T16:38:45","modified_gmt":"2025-10-30T16:38:45","slug":"cheque-cadeau","status":"publish","type":"page","link":"https:\/\/www.negenmaandenmooi.be\/fr\/cheque-cadeau\/","title":{"rendered":"Ch\u00e8que cadeau"},"content":{"rendered":"<p>[et_pb_section fb_built=\u00a0\u00bb1&Prime; _builder_version=\u00a0\u00bb4.6.6&Prime; global_colors_info=\u00a0\u00bb{}\u00a0\u00bb global_module=\u00a0\u00bb8507&Prime; theme_builder_area=\u00a0\u00bbpost_content\u00a0\u00bb][et_pb_row column_structure=\u00a0\u00bb3_5,2_5&Prime; make_equal=\u00a0\u00bbon\u00a0\u00bb _builder_version=\u00a0\u00bb3.25&Prime; global_colors_info=\u00a0\u00bb{}\u00a0\u00bb theme_builder_area=\u00a0\u00bbpost_content\u00a0\u00bb][et_pb_column type=\u00a0\u00bb3_5&Prime; _builder_version=\u00a0\u00bb4.6.6&Prime; _module_preset=\u00a0\u00bbdefault\u00a0\u00bb global_colors_info=\u00a0\u00bb{}\u00a0\u00bb theme_builder_area=\u00a0\u00bbpost_content\u00a0\u00bb][et_pb_text _builder_version=\u00a0\u00bb4.14.7&Prime; text_font=\u00a0\u00bb||||||||\u00a0\u00bb text_text_color=\u00a0\u00bb#000000&Prime; text_font_size=\u00a0\u00bb16px\u00a0\u00bb hover_enabled=\u00a0\u00bb0&Prime; global_colors_info=\u00a0\u00bb{}\u00a0\u00bb theme_builder_area=\u00a0\u00bbpost_content\u00a0\u00bb sticky_enabled=\u00a0\u00bb0&Prime;]<\/p>\n<h1><strong style=\"font-size: 30px;\">Ch\u00e8que-cadeau<\/strong><\/h1>\n<p>&nbsp;<\/p>\n<p>Vous souhaitez offrir un ch\u00e8que-cadeau num\u00e9rique ? Vous pouvez verser le montant de votre choix sur le num\u00e9ro de compte bancaire ci-dessous.<\/p>\n<p>Envoyez-nous un message \u00e0 <strong>ankie@neufmoisbelle.com<\/strong> une fois le virement effectu\u00e9. Nous cr\u00e9erons alors le ch\u00e8que-cadeau et vous l&rsquo;enverrons par voie num\u00e9rique.<\/p>\n<p><strong>Iban :<\/strong> BE 64 7310 2903 0152<br \/><strong>Au nom de :<\/strong> Neuf Mois Belle<br \/><strong>Description :<\/strong> Ch\u00e8que-cadeau num\u00e9rique<\/p>\n<p>Si vous souhaitez ajouter un message particulier sur le ch\u00e8que-cadeau, n&rsquo;h\u00e9sitez pas \u00e0 nous le communiquer. Nous pouvons personnaliser le ch\u00e8que-cadeau avec votre message ou votre nom.<\/p>\n<p>Vous pouvez \u00e9galement acheter un ch\u00e8que-cadeau physique dans notre magasin. Nous l&#8217;emballerons alors dans une jolie bo\u00eete festive.<\/p>\n<p>[\/et_pb_text][\/et_pb_column][et_pb_column type=\u00a0\u00bb2_5&Prime; _builder_version=\u00a0\u00bb3.25&Prime; custom_padding=\u00a0\u00bb|||\u00a0\u00bb global_colors_info=\u00a0\u00bb{}\u00a0\u00bb custom_padding__hover=\u00a0\u00bb|||\u00a0\u00bb theme_builder_area=\u00a0\u00bbpost_content\u00a0\u00bb][et_pb_image src=\u00a0\u00bbhttps:\/\/www.negenmaandenmooi.be\/wp-content\/uploads\/2025\/02\/Visual-cadeaubon-2.jpg\u00a0\u00bb title_text=\u00a0\u00bbVisual cadeaubon 2&Prime; _builder_version=\u00a0\u00bb4.14.7&Prime; _module_preset=\u00a0\u00bbdefault\u00a0\u00bb global_colors_info=\u00a0\u00bb{}\u00a0\u00bb theme_builder_area=\u00a0\u00bbpost_content\u00a0\u00bb][\/et_pb_image][et_pb_image src=\u00a0\u00bbhttps:\/\/www.negenmaandenmooi.be\/wp-content\/uploads\/2025\/02\/Visual-cadeaubon.jpg\u00a0\u00bb title_text=\u00a0\u00bbVisual cadeaubon\u00a0\u00bb _builder_version=\u00a0\u00bb4.14.7&Prime; _module_preset=\u00a0\u00bbdefault\u00a0\u00bb width=\u00a0\u00bb93%\u00a0\u00bb module_alignment=\u00a0\u00bbcenter\u00a0\u00bb global_colors_info=\u00a0\u00bb{}\u00a0\u00bb theme_builder_area=\u00a0\u00bbpost_content\u00a0\u00bb][\/et_pb_image][\/et_pb_column][\/et_pb_row][\/et_pb_section]<\/p>\n","protected":false},"excerpt":{"rendered":"<p>Ch\u00e8que-cadeau &nbsp; Vous souhaitez offrir un ch\u00e8que-cadeau num\u00e9rique ? Vous pouvez verser le montant de votre choix sur le num\u00e9ro de compte bancaire ci-dessous. Envoyez-nous un message \u00e0 ankie@neufmoisbelle.com une fois le virement effectu\u00e9. Nous cr\u00e9erons alors le ch\u00e8que-cadeau et vous l&rsquo;enverrons par voie num\u00e9rique. Iban : BE 64 7310 2903 0152Au nom de : [&hellip;]<\/p>\n","protected":false},"author":4,"featured_media":0,"parent":0,"menu_order":0,"comment_status":"closed","ping_status":"closed","template":"","meta":{"_et_pb_use_builder":"on","_et_pb_old_content":"","_et_gb_content_width":"","inline_featured_image":false,"footnotes":""},"class_list":["post-1427","page","type-page","status-publish","hentry"],"yoast_head":"<!-- This site is optimized with the Yoast SEO plugin v27.5 - https:\/\/yoast.com\/product\/yoast-seo-wordpress\/ -->\n<title>Ch\u00e8que cadeau - Negen Maanden Mooi<\/title>\n<meta name=\"description\" content=\"Bezoek onze grote OUTLET met kortingen tot 70% op zwangerschapskleding\" \/>\n<meta name=\"robots\" content=\"index, follow, max-snippet:-1, max-image-preview:large, max-video-preview:-1\" \/>\n<link rel=\"canonical\" href=\"https:\/\/www.negenmaandenmooi.be\/fr\/cheque-cadeau\/\" \/>\n<meta property=\"og:locale\" content=\"fr_FR\" \/>\n<meta property=\"og:type\" content=\"article\" \/>\n<meta property=\"og:title\" content=\"Ch\u00e8que cadeau - Negen Maanden Mooi\" \/>\n<meta property=\"og:description\" content=\"Bezoek onze grote OUTLET met kortingen tot 70% op zwangerschapskleding\" \/>\n<meta property=\"og:url\" content=\"https:\/\/www.negenmaandenmooi.be\/fr\/cheque-cadeau\/\" \/>\n<meta property=\"og:site_name\" content=\"Negen Maanden Mooi\" \/>\n<meta property=\"article:publisher\" content=\"https:\/\/www.facebook.com\/mooidameskleding\" \/>\n<meta property=\"article:modified_time\" content=\"2025-10-30T16:38:45+00:00\" \/>\n<meta name=\"twitter:card\" content=\"summary_large_image\" \/>\n<meta name=\"twitter:label1\" content=\"Dur\u00e9e de lecture estim\u00e9e\" \/>\n\t<meta name=\"twitter:data1\" content=\"1 minute\" \/>\n<script type=\"application\/ld+json\" class=\"yoast-schema-graph\">{\"@context\":\"https:\\\/\\\/schema.org\",\"@graph\":[{\"@type\":\"WebPage\",\"@id\":\"https:\\\/\\\/www.negenmaandenmooi.be\\\/fr\\\/cheque-cadeau\\\/\",\"url\":\"https:\\\/\\\/www.negenmaandenmooi.be\\\/fr\\\/cheque-cadeau\\\/\",\"name\":\"Ch\u00e8que cadeau - Negen Maanden Mooi\",\"isPartOf\":{\"@id\":\"https:\\\/\\\/www.negenmaandenmooi.be\\\/#website\"},\"datePublished\":\"2019-03-25T12:34:59+00:00\",\"dateModified\":\"2025-10-30T16:38:45+00:00\",\"description\":\"Bezoek onze grote OUTLET met kortingen tot 70% op zwangerschapskleding\",\"breadcrumb\":{\"@id\":\"https:\\\/\\\/www.negenmaandenmooi.be\\\/fr\\\/cheque-cadeau\\\/#breadcrumb\"},\"inLanguage\":\"fr-FR\",\"potentialAction\":[{\"@type\":\"ReadAction\",\"target\":[\"https:\\\/\\\/www.negenmaandenmooi.be\\\/fr\\\/cheque-cadeau\\\/\"]}]},{\"@type\":\"BreadcrumbList\",\"@id\":\"https:\\\/\\\/www.negenmaandenmooi.be\\\/fr\\\/cheque-cadeau\\\/#breadcrumb\",\"itemListElement\":[{\"@type\":\"ListItem\",\"position\":1,\"name\":\"Home\",\"item\":\"https:\\\/\\\/www.negenmaandenmooi.be\\\/fr\\\/\"},{\"@type\":\"ListItem\",\"position\":2,\"name\":\"Ch\u00e8que cadeau\"}]},{\"@type\":\"WebSite\",\"@id\":\"https:\\\/\\\/www.negenmaandenmooi.be\\\/#website\",\"url\":\"https:\\\/\\\/www.negenmaandenmooi.be\\\/\",\"name\":\"Negen Maanden Mooi\",\"description\":\"\",\"publisher\":{\"@id\":\"https:\\\/\\\/www.negenmaandenmooi.be\\\/#organization\"},\"potentialAction\":[{\"@type\":\"SearchAction\",\"target\":{\"@type\":\"EntryPoint\",\"urlTemplate\":\"https:\\\/\\\/www.negenmaandenmooi.be\\\/?s={search_term_string}\"},\"query-input\":{\"@type\":\"PropertyValueSpecification\",\"valueRequired\":true,\"valueName\":\"search_term_string\"}}],\"inLanguage\":\"fr-FR\"},{\"@type\":\"Organization\",\"@id\":\"https:\\\/\\\/www.negenmaandenmooi.be\\\/#organization\",\"name\":\"Negen Maanden Mooi\",\"url\":\"https:\\\/\\\/www.negenmaandenmooi.be\\\/\",\"logo\":{\"@type\":\"ImageObject\",\"inLanguage\":\"fr-FR\",\"@id\":\"https:\\\/\\\/www.negenmaandenmooi.be\\\/#\\\/schema\\\/logo\\\/image\\\/\",\"url\":\"https:\\\/\\\/www.negenmaandenmooi.be\\\/wp-content\\\/uploads\\\/2018\\\/09\\\/LOGO-MOOI-WEB.png\",\"contentUrl\":\"https:\\\/\\\/www.negenmaandenmooi.be\\\/wp-content\\\/uploads\\\/2018\\\/09\\\/LOGO-MOOI-WEB.png\",\"width\":568,\"height\":568,\"caption\":\"Negen Maanden Mooi\"},\"image\":{\"@id\":\"https:\\\/\\\/www.negenmaandenmooi.be\\\/#\\\/schema\\\/logo\\\/image\\\/\"},\"sameAs\":[\"https:\\\/\\\/www.facebook.com\\\/mooidameskleding\"]}]}<\/script>\n<!-- \/ Yoast SEO plugin. -->","yoast_head_json":{"title":"Ch\u00e8que cadeau - Negen Maanden Mooi","description":"Bezoek onze grote OUTLET met kortingen tot 70% op zwangerschapskleding","robots":{"index":"index","follow":"follow","max-snippet":"max-snippet:-1","max-image-preview":"max-image-preview:large","max-video-preview":"max-video-preview:-1"},"canonical":"https:\/\/www.negenmaandenmooi.be\/fr\/cheque-cadeau\/","og_locale":"fr_FR","og_type":"article","og_title":"Ch\u00e8que cadeau - Negen Maanden Mooi","og_description":"Bezoek onze grote OUTLET met kortingen tot 70% op zwangerschapskleding","og_url":"https:\/\/www.negenmaandenmooi.be\/fr\/cheque-cadeau\/","og_site_name":"Negen Maanden Mooi","article_publisher":"https:\/\/www.facebook.com\/mooidameskleding","article_modified_time":"2025-10-30T16:38:45+00:00","twitter_card":"summary_large_image","twitter_misc":{"Dur\u00e9e de lecture estim\u00e9e":"1 minute"},"schema":{"@context":"https:\/\/schema.org","@graph":[{"@type":"WebPage","@id":"https:\/\/www.negenmaandenmooi.be\/fr\/cheque-cadeau\/","url":"https:\/\/www.negenmaandenmooi.be\/fr\/cheque-cadeau\/","name":"Ch\u00e8que cadeau - Negen Maanden Mooi","isPartOf":{"@id":"https:\/\/www.negenmaandenmooi.be\/#website"},"datePublished":"2019-03-25T12:34:59+00:00","dateModified":"2025-10-30T16:38:45+00:00","description":"Bezoek onze grote OUTLET met kortingen tot 70% op zwangerschapskleding","breadcrumb":{"@id":"https:\/\/www.negenmaandenmooi.be\/fr\/cheque-cadeau\/#breadcrumb"},"inLanguage":"fr-FR","potentialAction":[{"@type":"ReadAction","target":["https:\/\/www.negenmaandenmooi.be\/fr\/cheque-cadeau\/"]}]},{"@type":"BreadcrumbList","@id":"https:\/\/www.negenmaandenmooi.be\/fr\/cheque-cadeau\/#breadcrumb","itemListElement":[{"@type":"ListItem","position":1,"name":"Home","item":"https:\/\/www.negenmaandenmooi.be\/fr\/"},{"@type":"ListItem","position":2,"name":"Ch\u00e8que cadeau"}]},{"@type":"WebSite","@id":"https:\/\/www.negenmaandenmooi.be\/#website","url":"https:\/\/www.negenmaandenmooi.be\/","name":"Negen Maanden Mooi","description":"","publisher":{"@id":"https:\/\/www.negenmaandenmooi.be\/#organization"},"potentialAction":[{"@type":"SearchAction","target":{"@type":"EntryPoint","urlTemplate":"https:\/\/www.negenmaandenmooi.be\/?s={search_term_string}"},"query-input":{"@type":"PropertyValueSpecification","valueRequired":true,"valueName":"search_term_string"}}],"inLanguage":"fr-FR"},{"@type":"Organization","@id":"https:\/\/www.negenmaandenmooi.be\/#organization","name":"Negen Maanden Mooi","url":"https:\/\/www.negenmaandenmooi.be\/","logo":{"@type":"ImageObject","inLanguage":"fr-FR","@id":"https:\/\/www.negenmaandenmooi.be\/#\/schema\/logo\/image\/","url":"https:\/\/www.negenmaandenmooi.be\/wp-content\/uploads\/2018\/09\/LOGO-MOOI-WEB.png","contentUrl":"https:\/\/www.negenmaandenmooi.be\/wp-content\/uploads\/2018\/09\/LOGO-MOOI-WEB.png","width":568,"height":568,"caption":"Negen Maanden Mooi"},"image":{"@id":"https:\/\/www.negenmaandenmooi.be\/#\/schema\/logo\/image\/"},"sameAs":["https:\/\/www.facebook.com\/mooidameskleding"]}]}},"_links":{"self":[{"href":"https:\/\/www.negenmaandenmooi.be\/fr\/wp-json\/wp\/v2\/pages\/1427","targetHints":{"allow":["GET"]}}],"collection":[{"href":"https:\/\/www.negenmaandenmooi.be\/fr\/wp-json\/wp\/v2\/pages"}],"about":[{"href":"https:\/\/www.negenmaandenmooi.be\/fr\/wp-json\/wp\/v2\/types\/page"}],"author":[{"embeddable":true,"href":"https:\/\/www.negenmaandenmooi.be\/fr\/wp-json\/wp\/v2\/users\/4"}],"replies":[{"embeddable":true,"href":"https:\/\/www.negenmaandenmooi.be\/fr\/wp-json\/wp\/v2\/comments?post=1427"}],"version-history":[{"count":24,"href":"https:\/\/www.negenmaandenmooi.be\/fr\/wp-json\/wp\/v2\/pages\/1427\/revisions"}],"predecessor-version":[{"id":8520,"href":"https:\/\/www.negenmaandenmooi.be\/fr\/wp-json\/wp\/v2\/pages\/1427\/revisions\/8520"}],"wp:attachment":[{"href":"https:\/\/www.negenmaandenmooi.be\/fr\/wp-json\/wp\/v2\/media?parent=1427"}],"curies":[{"name":"wp","href":"https:\/\/api.w.org\/{rel}","templated":true}]}}