

{"id":1421,"date":"2018-09-14T15:56:32","date_gmt":"2018-09-14T15:56:32","guid":{"rendered":"https:\/\/www.negenmaandenmooi.be\/home\/"},"modified":"2026-02-22T14:00:02","modified_gmt":"2026-02-22T14:00:02","slug":"home","status":"publish","type":"page","link":"https:\/\/www.negenmaandenmooi.be\/fr\/","title":{"rendered":"Home"},"content":{"rendered":"<p>[et_pb_section fb_built=\u00a0\u00bb1&Prime; module_class=\u00a0\u00bbintro-section\u00a0\u00bb _builder_version=\u00a0\u00bb3.22&Prime; module_alignment=\u00a0\u00bbcenter\u00a0\u00bb custom_margin=\u00a0\u00bb20px|||\u00a0\u00bb custom_padding=\u00a0\u00bb0px||0px|0|false|false\u00a0\u00bb global_colors_info=\u00a0\u00bb{}\u00a0\u00bb][et_pb_row column_structure=\u00a0\u00bb2_3,1_3&Prime; use_custom_gutter=\u00a0\u00bbon\u00a0\u00bb gutter_width=\u00a0\u00bb1&Prime; make_equal=\u00a0\u00bbon\u00a0\u00bb _builder_version=\u00a0\u00bb3.25&Prime; custom_margin=\u00a0\u00bb0px|||\u00a0\u00bb custom_padding=\u00a0\u00bb0px||10px|\u00a0\u00bb global_colors_info=\u00a0\u00bb{}\u00a0\u00bb][et_pb_column type=\u00a0\u00bb2_3&Prime; _builder_version=\u00a0\u00bb3.25&Prime; custom_padding=\u00a0\u00bb|||\u00a0\u00bb global_colors_info=\u00a0\u00bb{}\u00a0\u00bb custom_padding__hover=\u00a0\u00bb|||\u00a0\u00bb][et_pb_image src=\u00a0\u00bbhttps:\/\/www.negenmaandenmooi.be\/wp-content\/uploads\/2026\/02\/Banner-homepage.jpg\u00a0\u00bb title_text=\u00a0\u00bbBanner homepage\u00a0\u00bb url=\u00a0\u00bbhttps:\/\/www.negenmaandenmooi.be\/fr\/magasin\/\u00a0\u00bb align_tablet=\u00a0\u00bbcenter\u00a0\u00bb align_phone=\u00a0\u00bb\u00a0\u00bb align_last_edited=\u00a0\u00bbon|desktop\u00a0\u00bb _builder_version=\u00a0\u00bb4.14.7&Prime; hover_enabled=\u00a0\u00bb0&Prime; global_colors_info=\u00a0\u00bb{}\u00a0\u00bb sticky_enabled=\u00a0\u00bb0&Prime;][\/et_pb_image][\/et_pb_column][et_pb_column type=\u00a0\u00bb1_3&Prime; _builder_version=\u00a0\u00bb3.25&Prime; custom_padding=\u00a0\u00bb|||\u00a0\u00bb custom_css_main_element=\u00a0\u00bbbackground-color: #e8e8e8;\u00a0\u00bb global_colors_info=\u00a0\u00bb{}\u00a0\u00bb custom_padding__hover=\u00a0\u00bb|||\u00a0\u00bb][et_pb_text module_class=\u00a0\u00bbintro-text\u00a0\u00bb _builder_version=\u00a0\u00bb4.14.7&Prime; text_font_size=\u00a0\u00bb17px\u00a0\u00bb header_font_size=\u00a0\u00bb22&Prime; background_color=\u00a0\u00bb#e8e8e8&Prime; min_height=\u00a0\u00bb359px\u00a0\u00bb custom_margin=\u00a0\u00bb25px|25px|25px|25px\u00a0\u00bb custom_padding=\u00a0\u00bb10px|10px|10px|10px\u00a0\u00bb hover_enabled=\u00a0\u00bb0&Prime; global_colors_info=\u00a0\u00bb{}\u00a0\u00bb sticky_enabled=\u00a0\u00bb0&Prime;]<\/p>\n<h1><b style=\"font-size: 22px;\">V\u00eatements de grossesse abordables<\/b><\/h1>\n<p><span style=\"font-size: 17px;\"><\/span><\/p>\n<p><span style=\"font-size: 17px;\">D\u00e9couvrez <\/span><strong style=\"font-size: 17px;\">le plus grand choix<\/strong><span style=\"font-size: 17px;\"> de v\u00eatements de grossesse de Belgique dans notre magasin \u00e0 Dilbeek. <\/span><span style=\"font-size: 17px;\">Des basiques aux <strong>tenues de soir\u00e9e<\/strong>.<\/span><span style=\"font-size: 17px;\"><\/span><\/p>\n<p><span style=\"font-size: 17px;\">Vous y trouverez toutes les marques <\/span><strong style=\"font-size: 17px;\">abordables: <\/strong><span style=\"font-size: 17px;\">Noppies, MamaLicious, Love2wait, Attesa, &#8230;<\/span><\/p>\n<p><span style=\"font-size: 17px;\">Vous pouvez porter tous nos v\u00eatements <strong>du d\u00e9but \u00e0 la fin<\/strong>.<\/span><\/p>\n<p>Nous sommes aussi ouverts <strong>tous les dimanches<\/strong> matin de 10 \u00e0 12h.<\/p>\n<p>[\/et_pb_text][\/et_pb_column][\/et_pb_row][\/et_pb_section][et_pb_section fb_built=\u00a0\u00bb1&Prime; admin_label=\u00a0\u00bbsection\u00a0\u00bb _builder_version=\u00a0\u00bb3.22&Prime; custom_padding=\u00a0\u00bb0|0px|23px|0|false|false\u00a0\u00bb global_colors_info=\u00a0\u00bb{}\u00a0\u00bb][et_pb_row column_structure=\u00a0\u00bb1_3,1_3,1_3&Prime; use_custom_gutter=\u00a0\u00bbon\u00a0\u00bb gutter_width=\u00a0\u00bb1&Prime; make_equal=\u00a0\u00bbon\u00a0\u00bb module_class=\u00a0\u00bbdoubleimage imagelist1&Prime; _builder_version=\u00a0\u00bb3.25&Prime; custom_padding=\u00a0\u00bb0px||0px|\u00a0\u00bb global_colors_info=\u00a0\u00bb{}\u00a0\u00bb][et_pb_column type=\u00a0\u00bb1_3&Prime; _builder_version=\u00a0\u00bb3.25&Prime; custom_padding=\u00a0\u00bb|||\u00a0\u00bb global_colors_info=\u00a0\u00bb{}\u00a0\u00bb custom_padding__hover=\u00a0\u00bb|||\u00a0\u00bb][et_pb_image src=\u00a0\u00bbhttps:\/\/www.negenmaandenmooi.be\/wp-content\/uploads\/2019\/04\/Winkel.jpg\u00a0\u00bb url=\u00a0\u00bbhttps:\/\/www.negenmaandenmooi.be\/fr\/magasin\/\u00a0\u00bb align_tablet=\u00a0\u00bbcenter\u00a0\u00bb align_phone=\u00a0\u00bb\u00a0\u00bb align_last_edited=\u00a0\u00bbon|desktop\u00a0\u00bb module_class=\u00a0\u00bbbottom-small\u00a0\u00bb _builder_version=\u00a0\u00bb4.6.6&Prime; background_position=\u00a0\u00bbtop_center\u00a0\u00bb max_width_tablet=\u00a0\u00bb\u00a0\u00bb max_width_phone=\u00a0\u00bb\u00a0\u00bb max_width_last_edited=\u00a0\u00bbon|tablet\u00a0\u00bb module_alignment=\u00a0\u00bbleft\u00a0\u00bb custom_margin=\u00a0\u00bb-1px|||||\u00a0\u00bb global_colors_info=\u00a0\u00bb{}\u00a0\u00bb][\/et_pb_image][et_pb_text _builder_version=\u00a0\u00bb4.6.6&Prime; text_font=\u00a0\u00bb|||on|||||\u00a0\u00bb text_text_color=\u00a0\u00bb#000000&Prime; text_font_size=\u00a0\u00bb32px\u00a0\u00bb link_text_color=\u00a0\u00bb#ffffff\u00a0\u00bb link_font_size=\u00a0\u00bb32px\u00a0\u00bb text_orientation=\u00a0\u00bbcenter\u00a0\u00bb custom_margin=\u00a0\u00bb|||-30px\u00a0\u00bb custom_margin_tablet=\u00a0\u00bb||40px|\u00a0\u00bb custom_margin_phone=\u00a0\u00bb\u00a0\u00bb custom_margin_last_edited=\u00a0\u00bbon|tablet\u00a0\u00bb custom_padding=\u00a0\u00bb|||\u00a0\u00bb global_colors_info=\u00a0\u00bb{}\u00a0\u00bb]<a href=\"https:\/\/www.negenmaandenmooi.be\/fr\/magasin\/\">notre magasin<\/a><br \/>\n[\/et_pb_text][\/et_pb_column][et_pb_column type=\u00a0\u00bb1_3&Prime; _builder_version=\u00a0\u00bb3.25&Prime; custom_padding=\u00a0\u00bb|||\u00a0\u00bb global_colors_info=\u00a0\u00bb{}\u00a0\u00bb custom_padding__hover=\u00a0\u00bb|||\u00a0\u00bb][et_pb_image src=\u00a0\u00bbhttps:\/\/www.negenmaandenmooi.be\/wp-content\/uploads\/2026\/02\/mamalious1.jpg\u00a0\u00bb title_text=\u00a0\u00bbmamalious1&Prime; url=\u00a0\u00bbhttps:\/\/www.negenmaandenmooi.be\/fr\/collection\/\u00a0\u00bb align_tablet=\u00a0\u00bbcenter\u00a0\u00bb align_phone=\u00a0\u00bb\u00a0\u00bb align_last_edited=\u00a0\u00bbon|desktop\u00a0\u00bb _builder_version=\u00a0\u00bb4.14.7&Prime; background_position=\u00a0\u00bbtop_center\u00a0\u00bb max_width_tablet=\u00a0\u00bb\u00a0\u00bb max_width_phone=\u00a0\u00bb\u00a0\u00bb max_width_last_edited=\u00a0\u00bbon|tablet\u00a0\u00bb module_alignment=\u00a0\u00bbleft\u00a0\u00bb custom_padding=\u00a0\u00bb||||false\u00a0\u00bb hover_enabled=\u00a0\u00bb0&Prime; global_colors_info=\u00a0\u00bb{}\u00a0\u00bb sticky_enabled=\u00a0\u00bb0&Prime;][\/et_pb_image][et_pb_text _builder_version=\u00a0\u00bb4.6.6&Prime; text_font=\u00a0\u00bb|||on|||||\u00a0\u00bb text_text_color=\u00a0\u00bb#000000&Prime; text_font_size=\u00a0\u00bb32px\u00a0\u00bb link_text_color=\u00a0\u00bb#ffffff\u00a0\u00bb link_font_size=\u00a0\u00bb32px\u00a0\u00bb text_orientation=\u00a0\u00bbcenter\u00a0\u00bb custom_margin=\u00a0\u00bb|||-30px\u00a0\u00bb custom_margin_tablet=\u00a0\u00bb||40px|\u00a0\u00bb custom_margin_phone=\u00a0\u00bb\u00a0\u00bb custom_margin_last_edited=\u00a0\u00bbon|tablet\u00a0\u00bb custom_padding=\u00a0\u00bb|||\u00a0\u00bb global_colors_info=\u00a0\u00bb{}\u00a0\u00bb]<a href=\"https:\/\/www.negenmaandenmooi.be\/fr\/collection\/\">Toutes les marques<\/a><br \/>\n[\/et_pb_text][\/et_pb_column][et_pb_column type=\u00a0\u00bb1_3&Prime; _builder_version=\u00a0\u00bb3.25&Prime; custom_padding=\u00a0\u00bb|||\u00a0\u00bb global_colors_info=\u00a0\u00bb{}\u00a0\u00bb custom_padding__hover=\u00a0\u00bb|||\u00a0\u00bb][et_pb_image src=\u00a0\u00bbhttps:\/\/www.negenmaandenmooi.be\/wp-content\/uploads\/2022\/04\/S1.jpg\u00a0\u00bb title_text=\u00a0\u00bbS1&Prime; url=\u00a0\u00bbhttps:\/\/www.negenmaandenmooi.be\/fr\/collection\/pantalons-de-grossesse\/\u00a0\u00bb align_tablet=\u00a0\u00bbcenter\u00a0\u00bb align_phone=\u00a0\u00bb\u00a0\u00bb align_last_edited=\u00a0\u00bbon|desktop\u00a0\u00bb _builder_version=\u00a0\u00bb4.14.7&Prime; background_position=\u00a0\u00bbtop_center\u00a0\u00bb max_width_tablet=\u00a0\u00bb\u00a0\u00bb max_width_phone=\u00a0\u00bb\u00a0\u00bb max_width_last_edited=\u00a0\u00bbon|tablet\u00a0\u00bb module_alignment=\u00a0\u00bbleft\u00a0\u00bb custom_padding=\u00a0\u00bb||||false\u00a0\u00bb global_colors_info=\u00a0\u00bb{}\u00a0\u00bb][\/et_pb_image][et_pb_text _builder_version=\u00a0\u00bb4.6.6&Prime; text_font=\u00a0\u00bb|||on|||||\u00a0\u00bb text_text_color=\u00a0\u00bb#000000&Prime; text_font_size=\u00a0\u00bb32px\u00a0\u00bb link_text_color=\u00a0\u00bb#ffffff\u00a0\u00bb link_font_size=\u00a0\u00bb32px\u00a0\u00bb text_orientation=\u00a0\u00bbcenter\u00a0\u00bb custom_margin=\u00a0\u00bb|||-30px\u00a0\u00bb custom_margin_tablet=\u00a0\u00bb||40px|\u00a0\u00bb custom_margin_phone=\u00a0\u00bb\u00a0\u00bb custom_margin_last_edited=\u00a0\u00bbon|tablet\u00a0\u00bb custom_padding=\u00a0\u00bb|||\u00a0\u00bb global_colors_info=\u00a0\u00bb{}\u00a0\u00bb]<a href=\"https:\/\/www.negenmaandenmooi.be\/fr\/collection\/pantalons-de-grossesse\/\">Pantalon grossesse<\/a><br \/>\n[\/et_pb_text][\/et_pb_column][\/et_pb_row][et_pb_row column_structure=\u00a0\u00bb1_3,1_3,1_3&Prime; use_custom_gutter=\u00a0\u00bbon\u00a0\u00bb gutter_width=\u00a0\u00bb2&Prime; make_equal=\u00a0\u00bbon\u00a0\u00bb custom_padding_last_edited=\u00a0\u00bbon|desktop\u00a0\u00bb module_class=\u00a0\u00bbdoubleimage\u00a0\u00bb _builder_version=\u00a0\u00bb3.25&Prime; custom_margin=\u00a0\u00bb0px||0px|\u00a0\u00bb custom_padding=\u00a0\u00bb0px|0px|0px|0px\u00a0\u00bb custom_padding_tablet=\u00a0\u00bb\u00a0\u00bb custom_padding_phone=\u00a0\u00bb0px|||\u00a0\u00bb global_colors_info=\u00a0\u00bb{}\u00a0\u00bb][et_pb_column type=\u00a0\u00bb1_3&Prime; _builder_version=\u00a0\u00bb3.25&Prime; custom_padding=\u00a0\u00bb|||\u00a0\u00bb global_colors_info=\u00a0\u00bb{}\u00a0\u00bb custom_padding__hover=\u00a0\u00bb|||\u00a0\u00bb][et_pb_image src=\u00a0\u00bbhttps:\/\/www.negenmaandenmooi.be\/wp-content\/uploads\/2026\/02\/attesa11.jpg\u00a0\u00bb title_text=\u00a0\u00bbattesa11&Prime; url=\u00a0\u00bbhttps:\/\/www.negenmaandenmooi.be\/fr\/vetements_de_fete\/\u00a0\u00bb url_new_window=\u00a0\u00bbon\u00a0\u00bb align_tablet=\u00a0\u00bbcenter\u00a0\u00bb align_phone=\u00a0\u00bb\u00a0\u00bb align_last_edited=\u00a0\u00bbon|desktop\u00a0\u00bb module_class=\u00a0\u00bbmobile-margin-bot\u00a0\u00bb _builder_version=\u00a0\u00bb4.14.7&Prime; background_position=\u00a0\u00bbtop_center\u00a0\u00bb max_width_tablet=\u00a0\u00bb\u00a0\u00bb max_width_phone=\u00a0\u00bb\u00a0\u00bb max_width_last_edited=\u00a0\u00bbon|phone\u00a0\u00bb module_alignment=\u00a0\u00bbright\u00a0\u00bb hover_enabled=\u00a0\u00bb0&Prime; global_colors_info=\u00a0\u00bb{}\u00a0\u00bb sticky_enabled=\u00a0\u00bb0&Prime;][\/et_pb_image][et_pb_text module_class=\u00a0\u00bbmobile-margin-bot-txt\u00a0\u00bb _builder_version=\u00a0\u00bb4.6.6&Prime; text_font=\u00a0\u00bb|||on|||||\u00a0\u00bb text_text_color=\u00a0\u00bb#000000&Prime; text_font_size=\u00a0\u00bb32px\u00a0\u00bb text_orientation=\u00a0\u00bbcenter\u00a0\u00bb custom_margin=\u00a0\u00bb|||\u00a0\u00bb custom_padding=\u00a0\u00bb|||\u00a0\u00bb global_colors_info=\u00a0\u00bb{}\u00a0\u00bb]<\/p>\n<p><a href=\"https:\/\/www.negenmaandenmooi.be\/fr\/vetements_de_fete\/\">v\u00eatements de f\u00eate<\/a><\/p>\n<p>[\/et_pb_text][\/et_pb_column][et_pb_column type=\u00a0\u00bb1_3&Prime; _builder_version=\u00a0\u00bb3.25&Prime; custom_padding=\u00a0\u00bb|||\u00a0\u00bb global_colors_info=\u00a0\u00bb{}\u00a0\u00bb custom_padding__hover=\u00a0\u00bb|||\u00a0\u00bb][et_pb_image src=\u00a0\u00bbhttps:\/\/www.negenmaandenmooi.be\/wp-content\/uploads\/2023\/08\/bra-coffee.jpg\u00a0\u00bb title_text=\u00a0\u00bbbra coffee\u00a0\u00bb url=\u00a0\u00bbhttps:\/\/www.negenmaandenmooi.be\/fr\/collection\/lingerie\/\u00a0\u00bb url_new_window=\u00a0\u00bbon\u00a0\u00bb align_tablet=\u00a0\u00bbcenter\u00a0\u00bb align_phone=\u00a0\u00bb\u00a0\u00bb align_last_edited=\u00a0\u00bbon|desktop\u00a0\u00bb module_class=\u00a0\u00bbbottom-small\u00a0\u00bb _builder_version=\u00a0\u00bb4.14.7&Prime; background_position=\u00a0\u00bbtop_center\u00a0\u00bb max_width_tablet=\u00a0\u00bb\u00a0\u00bb max_width_phone=\u00a0\u00bb\u00a0\u00bb max_width_last_edited=\u00a0\u00bbon|phone\u00a0\u00bb module_alignment=\u00a0\u00bbleft\u00a0\u00bb global_colors_info=\u00a0\u00bb{}\u00a0\u00bb][\/et_pb_image][et_pb_text _builder_version=\u00a0\u00bb4.6.6&Prime; text_font=\u00a0\u00bb|||on|||||\u00a0\u00bb text_text_color=\u00a0\u00bb#000000&Prime; text_font_size=\u00a0\u00bb32px\u00a0\u00bb link_text_color=\u00a0\u00bb#ffffff\u00a0\u00bb link_font_size=\u00a0\u00bb32px\u00a0\u00bb text_orientation=\u00a0\u00bbcenter\u00a0\u00bb custom_margin=\u00a0\u00bb|||-30px\u00a0\u00bb custom_margin_tablet=\u00a0\u00bb||40px|\u00a0\u00bb custom_margin_phone=\u00a0\u00bb\u00a0\u00bb custom_margin_last_edited=\u00a0\u00bbon|tablet\u00a0\u00bb custom_padding=\u00a0\u00bb|||\u00a0\u00bb global_colors_info=\u00a0\u00bb{}\u00a0\u00bb]<a href=\"https:\/\/www.negenmaandenmooi.be\/fr\/collection\/lingerie\/\">Lingerie<\/a><br \/>\n[\/et_pb_text][\/et_pb_column][et_pb_column type=\u00a0\u00bb1_3&Prime; _builder_version=\u00a0\u00bb3.25&Prime; custom_padding=\u00a0\u00bb|||\u00a0\u00bb global_colors_info=\u00a0\u00bb{}\u00a0\u00bb custom_padding__hover=\u00a0\u00bb|||\u00a0\u00bb][et_pb_image src=\u00a0\u00bbhttps:\/\/www.negenmaandenmooi.be\/wp-content\/uploads\/2024\/02\/noppies-19.jpg\u00a0\u00bb title_text=\u00a0\u00bbnoppies 19&Prime; url=\u00a0\u00bbhttps:\/\/www.negenmaandenmooi.be\/fr\/collection\/allaitement\/\u00a0\u00bb url_new_window=\u00a0\u00bbon\u00a0\u00bb align_tablet=\u00a0\u00bbcenter\u00a0\u00bb align_phone=\u00a0\u00bb\u00a0\u00bb align_last_edited=\u00a0\u00bbon|desktop\u00a0\u00bb module_class=\u00a0\u00bbmobile-margin-bot\u00a0\u00bb _builder_version=\u00a0\u00bb4.14.7&Prime; background_position=\u00a0\u00bbtop_center\u00a0\u00bb max_width_tablet=\u00a0\u00bb\u00a0\u00bb max_width_phone=\u00a0\u00bb\u00a0\u00bb max_width_last_edited=\u00a0\u00bbon|tablet\u00a0\u00bb module_alignment=\u00a0\u00bbright\u00a0\u00bb global_colors_info=\u00a0\u00bb{}\u00a0\u00bb][\/et_pb_image][et_pb_text module_class=\u00a0\u00bbmobile-margin-bot-txt\u00a0\u00bb _builder_version=\u00a0\u00bb4.6.6&Prime; text_font=\u00a0\u00bb|||on|||||\u00a0\u00bb text_text_color=\u00a0\u00bb#000000&Prime; text_font_size=\u00a0\u00bb32px\u00a0\u00bb text_orientation=\u00a0\u00bbcenter\u00a0\u00bb custom_margin=\u00a0\u00bb|||\u00a0\u00bb custom_padding=\u00a0\u00bb|||\u00a0\u00bb global_colors_info=\u00a0\u00bb{}\u00a0\u00bb]<a href=\"https:\/\/www.negenmaandenmooi.be\/fr\/collection\/allaitement\/\">Allaitement<\/a><br \/>\n[\/et_pb_text][\/et_pb_column][\/et_pb_row][\/et_pb_section][et_pb_section fb_built=\u00a0\u00bb1&Prime; _builder_version=\u00a0\u00bb3.22&Prime; custom_padding=\u00a0\u00bb0|0px|0|0px|false|false\u00a0\u00bb global_colors_info=\u00a0\u00bb{}\u00a0\u00bb][et_pb_row _builder_version=\u00a0\u00bb3.25&Prime; global_colors_info=\u00a0\u00bb{}\u00a0\u00bb][et_pb_column type=\u00a0\u00bb4_4&Prime; _builder_version=\u00a0\u00bb3.25&Prime; custom_padding=\u00a0\u00bb|||\u00a0\u00bb global_colors_info=\u00a0\u00bb{}\u00a0\u00bb custom_padding__hover=\u00a0\u00bb|||\u00a0\u00bb][et_pb_text _builder_version=\u00a0\u00bb4.14.7&Prime; global_colors_info=\u00a0\u00bb{}\u00a0\u00bb]<\/p>\n<p style=\"text-align: center;\">Nous avons la plus <a href=\"https:\/\/www.negenmaandenmooi.be\/fr\/collection\/\">grande collection<\/a> de v\u00eatements de grossesse et d&rsquo;allaitement en Belgique. Des jeans de grossesse, des vestes, des basiques, des robes de soir\u00e9e aux v\u00eatements de nuit et \u00e0 la lingerie de grossesse et d&rsquo;allaitment. Vous trouverez des v\u00eatements de maternit\u00e9 abordables et tendance de toutes les grandes marques comme Noppies, <a href=\"https:\/\/www.negenmaandenmooi.be\/fr\/collection\/mama-licious\/\">MamaLicious<\/a>, <a href=\"https:\/\/www.negenmaandenmooi.be\/fr\/collection\/attesa\/\">Attesa<\/a>, Supermom, <a href=\"https:\/\/www.negenmaandenmooi.be\/fr\/collection\/love2wait\/\">Love2wait<\/a>, Seraphine, CacheCoeur, Cake lingerie.<\/p>\n<p style=\"text-align: center;\">Visitez notre grand magasin de grossesse \u00e0 Dilbeek (pr\u00e8s de Bruxelles). Nous recevons souvent des clients de toute la Belgique comme Charleroi, Namur, Nivelles, Li\u00e8ge. Nous sommes toujours ouverts le dimanche matin ! Vous pouvez \u00e9galement vous garer facilement devant notre magasin de maternit\u00e9.<\/p>\n<p style=\"text-align: center;\">Faire du shopping, c\u2019est chouette. Mais quand on est enceinte, c\u2019est tout \u00e0 coup tr\u00e8s diff\u00e9rent. Heureusement les v\u00eatements de grossesse sont vraiment branch\u00e9s et vifs. Vous le remarquerez d\u00e8s que vous rentrerez dans notre magasin Neuf Mois Belle \u00e0 Dilbeek. Nous avons une tr\u00e8s grande collection de v\u00eatements de grossesse, de lingerie et de v\u00eatements d&rsquo;allaitement. Dans toutes les cat\u00e9gories de prix et tous les styles.<\/p>\n<p>[\/et_pb_text][\/et_pb_column][\/et_pb_row][\/et_pb_section]<\/p>\n","protected":false},"excerpt":{"rendered":"<p>V\u00eatements de grossesse abordables D\u00e9couvrez le plus grand choix de v\u00eatements de grossesse de Belgique dans notre magasin \u00e0 Dilbeek. Des basiques aux tenues de soir\u00e9e. Vous y trouverez toutes les marques abordables: Noppies, MamaLicious, Love2wait, Attesa, &#8230; Vous pouvez porter tous nos v\u00eatements du d\u00e9but \u00e0 la fin. Nous sommes aussi ouverts tous les [&hellip;]<\/p>\n","protected":false},"author":1,"featured_media":0,"parent":0,"menu_order":0,"comment_status":"closed","ping_status":"closed","template":"","meta":{"_et_pb_use_builder":"on","_et_pb_old_content":"","_et_gb_content_width":"","inline_featured_image":false,"footnotes":""},"class_list":["post-1421","page","type-page","status-publish","hentry"],"yoast_head":"<!-- This site is optimized with the Yoast SEO plugin v27.4 - https:\/\/yoast.com\/product\/yoast-seo-wordpress\/ -->\n<title>V\u00eatements de grossesse I magasin Neuf Mois Belle<\/title>\n<meta name=\"description\" content=\"D\u00e9couvrez la plus grande collection de v\u00eatements de grossesse chez Neuf Mois Belle. Visitez notre magasin \u00e0 Dilbeek !\" \/>\n<meta name=\"robots\" content=\"index, follow, max-snippet:-1, max-image-preview:large, max-video-preview:-1\" \/>\n<link rel=\"canonical\" href=\"https:\/\/www.negenmaandenmooi.be\/fr\/\" \/>\n<meta property=\"og:locale\" content=\"fr_FR\" \/>\n<meta property=\"og:type\" content=\"article\" \/>\n<meta property=\"og:title\" content=\"V\u00eatements de grossesse I magasin Neuf Mois Belle\" \/>\n<meta property=\"og:description\" content=\"D\u00e9couvrez la plus grande collection de v\u00eatements de grossesse chez Neuf Mois Belle. Visitez notre magasin \u00e0 Dilbeek !\" \/>\n<meta property=\"og:url\" content=\"https:\/\/www.negenmaandenmooi.be\/fr\/\" \/>\n<meta property=\"og:site_name\" content=\"Negen Maanden Mooi\" \/>\n<meta property=\"article:publisher\" content=\"https:\/\/www.facebook.com\/mooidameskleding\" \/>\n<meta property=\"article:modified_time\" content=\"2026-02-22T14:00:02+00:00\" \/>\n<meta name=\"twitter:card\" content=\"summary_large_image\" \/>\n<meta name=\"twitter:label1\" content=\"Dur\u00e9e de lecture estim\u00e9e\" \/>\n\t<meta name=\"twitter:data1\" content=\"3 minutes\" \/>\n<script type=\"application\/ld+json\" class=\"yoast-schema-graph\">{\"@context\":\"https:\\\/\\\/schema.org\",\"@graph\":[{\"@type\":\"WebPage\",\"@id\":\"https:\\\/\\\/www.negenmaandenmooi.be\\\/fr\\\/\",\"url\":\"https:\\\/\\\/www.negenmaandenmooi.be\\\/fr\\\/\",\"name\":\"V\u00eatements de grossesse I magasin Neuf Mois Belle\",\"isPartOf\":{\"@id\":\"https:\\\/\\\/www.negenmaandenmooi.be\\\/#website\"},\"datePublished\":\"2018-09-14T15:56:32+00:00\",\"dateModified\":\"2026-02-22T14:00:02+00:00\",\"description\":\"D\u00e9couvrez la plus grande collection de v\u00eatements de grossesse chez Neuf Mois Belle. Visitez notre magasin \u00e0 Dilbeek !\",\"breadcrumb\":{\"@id\":\"https:\\\/\\\/www.negenmaandenmooi.be\\\/fr\\\/#breadcrumb\"},\"inLanguage\":\"fr-FR\",\"potentialAction\":[{\"@type\":\"ReadAction\",\"target\":[\"https:\\\/\\\/www.negenmaandenmooi.be\\\/fr\\\/\"]}]},{\"@type\":\"BreadcrumbList\",\"@id\":\"https:\\\/\\\/www.negenmaandenmooi.be\\\/fr\\\/#breadcrumb\",\"itemListElement\":[{\"@type\":\"ListItem\",\"position\":1,\"name\":\"Home\",\"item\":\"https:\\\/\\\/www.negenmaandenmooi.be\\\/fr\\\/\"},{\"@type\":\"ListItem\",\"position\":2,\"name\":\"Home\"}]},{\"@type\":\"WebSite\",\"@id\":\"https:\\\/\\\/www.negenmaandenmooi.be\\\/#website\",\"url\":\"https:\\\/\\\/www.negenmaandenmooi.be\\\/\",\"name\":\"Negen Maanden Mooi\",\"description\":\"\",\"publisher\":{\"@id\":\"https:\\\/\\\/www.negenmaandenmooi.be\\\/#organization\"},\"potentialAction\":[{\"@type\":\"SearchAction\",\"target\":{\"@type\":\"EntryPoint\",\"urlTemplate\":\"https:\\\/\\\/www.negenmaandenmooi.be\\\/?s={search_term_string}\"},\"query-input\":{\"@type\":\"PropertyValueSpecification\",\"valueRequired\":true,\"valueName\":\"search_term_string\"}}],\"inLanguage\":\"fr-FR\"},{\"@type\":\"Organization\",\"@id\":\"https:\\\/\\\/www.negenmaandenmooi.be\\\/#organization\",\"name\":\"Negen Maanden Mooi\",\"url\":\"https:\\\/\\\/www.negenmaandenmooi.be\\\/\",\"logo\":{\"@type\":\"ImageObject\",\"inLanguage\":\"fr-FR\",\"@id\":\"https:\\\/\\\/www.negenmaandenmooi.be\\\/#\\\/schema\\\/logo\\\/image\\\/\",\"url\":\"https:\\\/\\\/www.negenmaandenmooi.be\\\/wp-content\\\/uploads\\\/2018\\\/09\\\/LOGO-MOOI-WEB.png\",\"contentUrl\":\"https:\\\/\\\/www.negenmaandenmooi.be\\\/wp-content\\\/uploads\\\/2018\\\/09\\\/LOGO-MOOI-WEB.png\",\"width\":568,\"height\":568,\"caption\":\"Negen Maanden Mooi\"},\"image\":{\"@id\":\"https:\\\/\\\/www.negenmaandenmooi.be\\\/#\\\/schema\\\/logo\\\/image\\\/\"},\"sameAs\":[\"https:\\\/\\\/www.facebook.com\\\/mooidameskleding\"]}]}<\/script>\n<!-- \/ Yoast SEO plugin. -->","yoast_head_json":{"title":"V\u00eatements de grossesse I magasin Neuf Mois Belle","description":"D\u00e9couvrez la plus grande collection de v\u00eatements de grossesse chez Neuf Mois Belle. Visitez notre magasin \u00e0 Dilbeek !","robots":{"index":"index","follow":"follow","max-snippet":"max-snippet:-1","max-image-preview":"max-image-preview:large","max-video-preview":"max-video-preview:-1"},"canonical":"https:\/\/www.negenmaandenmooi.be\/fr\/","og_locale":"fr_FR","og_type":"article","og_title":"V\u00eatements de grossesse I magasin Neuf Mois Belle","og_description":"D\u00e9couvrez la plus grande collection de v\u00eatements de grossesse chez Neuf Mois Belle. Visitez notre magasin \u00e0 Dilbeek !","og_url":"https:\/\/www.negenmaandenmooi.be\/fr\/","og_site_name":"Negen Maanden Mooi","article_publisher":"https:\/\/www.facebook.com\/mooidameskleding","article_modified_time":"2026-02-22T14:00:02+00:00","twitter_card":"summary_large_image","twitter_misc":{"Dur\u00e9e de lecture estim\u00e9e":"3 minutes"},"schema":{"@context":"https:\/\/schema.org","@graph":[{"@type":"WebPage","@id":"https:\/\/www.negenmaandenmooi.be\/fr\/","url":"https:\/\/www.negenmaandenmooi.be\/fr\/","name":"V\u00eatements de grossesse I magasin Neuf Mois Belle","isPartOf":{"@id":"https:\/\/www.negenmaandenmooi.be\/#website"},"datePublished":"2018-09-14T15:56:32+00:00","dateModified":"2026-02-22T14:00:02+00:00","description":"D\u00e9couvrez la plus grande collection de v\u00eatements de grossesse chez Neuf Mois Belle. Visitez notre magasin \u00e0 Dilbeek !","breadcrumb":{"@id":"https:\/\/www.negenmaandenmooi.be\/fr\/#breadcrumb"},"inLanguage":"fr-FR","potentialAction":[{"@type":"ReadAction","target":["https:\/\/www.negenmaandenmooi.be\/fr\/"]}]},{"@type":"BreadcrumbList","@id":"https:\/\/www.negenmaandenmooi.be\/fr\/#breadcrumb","itemListElement":[{"@type":"ListItem","position":1,"name":"Home","item":"https:\/\/www.negenmaandenmooi.be\/fr\/"},{"@type":"ListItem","position":2,"name":"Home"}]},{"@type":"WebSite","@id":"https:\/\/www.negenmaandenmooi.be\/#website","url":"https:\/\/www.negenmaandenmooi.be\/","name":"Negen Maanden Mooi","description":"","publisher":{"@id":"https:\/\/www.negenmaandenmooi.be\/#organization"},"potentialAction":[{"@type":"SearchAction","target":{"@type":"EntryPoint","urlTemplate":"https:\/\/www.negenmaandenmooi.be\/?s={search_term_string}"},"query-input":{"@type":"PropertyValueSpecification","valueRequired":true,"valueName":"search_term_string"}}],"inLanguage":"fr-FR"},{"@type":"Organization","@id":"https:\/\/www.negenmaandenmooi.be\/#organization","name":"Negen Maanden Mooi","url":"https:\/\/www.negenmaandenmooi.be\/","logo":{"@type":"ImageObject","inLanguage":"fr-FR","@id":"https:\/\/www.negenmaandenmooi.be\/#\/schema\/logo\/image\/","url":"https:\/\/www.negenmaandenmooi.be\/wp-content\/uploads\/2018\/09\/LOGO-MOOI-WEB.png","contentUrl":"https:\/\/www.negenmaandenmooi.be\/wp-content\/uploads\/2018\/09\/LOGO-MOOI-WEB.png","width":568,"height":568,"caption":"Negen Maanden Mooi"},"image":{"@id":"https:\/\/www.negenmaandenmooi.be\/#\/schema\/logo\/image\/"},"sameAs":["https:\/\/www.facebook.com\/mooidameskleding"]}]}},"_links":{"self":[{"href":"https:\/\/www.negenmaandenmooi.be\/fr\/wp-json\/wp\/v2\/pages\/1421","targetHints":{"allow":["GET"]}}],"collection":[{"href":"https:\/\/www.negenmaandenmooi.be\/fr\/wp-json\/wp\/v2\/pages"}],"about":[{"href":"https:\/\/www.negenmaandenmooi.be\/fr\/wp-json\/wp\/v2\/types\/page"}],"author":[{"embeddable":true,"href":"https:\/\/www.negenmaandenmooi.be\/fr\/wp-json\/wp\/v2\/users\/1"}],"replies":[{"embeddable":true,"href":"https:\/\/www.negenmaandenmooi.be\/fr\/wp-json\/wp\/v2\/comments?post=1421"}],"version-history":[{"count":48,"href":"https:\/\/www.negenmaandenmooi.be\/fr\/wp-json\/wp\/v2\/pages\/1421\/revisions"}],"predecessor-version":[{"id":8609,"href":"https:\/\/www.negenmaandenmooi.be\/fr\/wp-json\/wp\/v2\/pages\/1421\/revisions\/8609"}],"wp:attachment":[{"href":"https:\/\/www.negenmaandenmooi.be\/fr\/wp-json\/wp\/v2\/media?parent=1421"}],"curies":[{"name":"wp","href":"https:\/\/api.w.org\/{rel}","templated":true}]}}