

{"id":1414,"date":"2019-03-25T12:34:36","date_gmt":"2019-03-25T12:34:36","guid":{"rendered":"https:\/\/www.negenmaandenmooi.be\/advies\/"},"modified":"2024-10-12T15:53:06","modified_gmt":"2024-10-12T15:53:06","slug":"vetements_de_fete","status":"publish","type":"page","link":"https:\/\/www.negenmaandenmooi.be\/fr\/vetements_de_fete\/","title":{"rendered":"V\u00eatements de f\u00eate"},"content":{"rendered":"<p>[et_pb_section fb_built=\u00a0\u00bb1&Prime; admin_label=\u00a0\u00bbsection\u00a0\u00bb _builder_version=\u00a0\u00bb3.22&Prime; custom_padding=\u00a0\u00bb10px|0px|23px|0px\u00a0\u00bb global_colors_info=\u00a0\u00bb{}\u00a0\u00bb][et_pb_row _builder_version=\u00a0\u00bb3.25&Prime; custom_padding=\u00a0\u00bb7px|0px|0|0px|false|false\u00a0\u00bb global_colors_info=\u00a0\u00bb{}\u00a0\u00bb][et_pb_column type=\u00a0\u00bb4_4&Prime; _builder_version=\u00a0\u00bb3.25&Prime; custom_padding=\u00a0\u00bb|||\u00a0\u00bb global_colors_info=\u00a0\u00bb{}\u00a0\u00bb custom_padding__hover=\u00a0\u00bb|||\u00a0\u00bb][et_pb_text _builder_version=\u00a0\u00bb4.14.7&Prime; custom_padding=\u00a0\u00bb||22px|||\u00a0\u00bb global_colors_info=\u00a0\u00bb{}\u00a0\u00bb]<\/p>\n<h1 style=\"text-align: center;\">V\u00eatements de f\u00eate<\/h1>\n<p style=\"text-align: center;\"><span>Nous avons agrandi notre magasin, ce qui nous permet d&rsquo;avoir la plus grande collection de v\u00eatements de f\u00eate et de robes de mari\u00e9e de Belgique. Nous avons une grande collection de robes de mari\u00e9e abordables de Tiffany Rose et Attesa, entre autres. Les clients viennent de toute la Belgique (et parfois des Pays-Bas) pour cela.<\/span><\/p>\n<p>[\/et_pb_text][et_pb_button button_url=\u00a0\u00bbhttps:\/\/www.negenmaandenmooi.be\/fr\/magasin\/\u00a0\u00bb button_text=\u00a0\u00bbVisitez notre magasin\u00a0\u00bb button_alignment=\u00a0\u00bbcenter\u00a0\u00bb _builder_version=\u00a0\u00bb4.14.7&Prime; _module_preset=\u00a0\u00bbdefault\u00a0\u00bb custom_button=\u00a0\u00bbon\u00a0\u00bb button_text_color=\u00a0\u00bb#FFFFFF\u00a0\u00bb button_bg_color=\u00a0\u00bb#808080&Prime; button_border_width=\u00a0\u00bb2px\u00a0\u00bb button_font=\u00a0\u00bb|600|||||||\u00a0\u00bb transform_scale=\u00a0\u00bb90%|90%\u00a0\u00bb transform_translate=\u00a0\u00bb-5px|-39px\u00a0\u00bb custom_margin=\u00a0\u00bb28px|||||\u00a0\u00bb global_colors_info=\u00a0\u00bb{}\u00a0\u00bb][\/et_pb_button][\/et_pb_column][\/et_pb_row][et_pb_row column_structure=\u00a0\u00bb1_3,1_3,1_3&Prime; use_custom_gutter=\u00a0\u00bbon\u00a0\u00bb gutter_width=\u00a0\u00bb2&Prime; make_equal=\u00a0\u00bbon\u00a0\u00bb custom_padding_last_edited=\u00a0\u00bbon|desktop\u00a0\u00bb module_class=\u00a0\u00bbdoubleimage\u00a0\u00bb _builder_version=\u00a0\u00bb3.25&Prime; custom_margin=\u00a0\u00bb0px||0px|\u00a0\u00bb custom_padding=\u00a0\u00bb0px|0px|0px|0px\u00a0\u00bb custom_padding_tablet=\u00a0\u00bb\u00a0\u00bb custom_padding_phone=\u00a0\u00bb0px|||\u00a0\u00bb global_colors_info=\u00a0\u00bb{}\u00a0\u00bb][et_pb_column type=\u00a0\u00bb1_3&Prime; _builder_version=\u00a0\u00bb3.25&Prime; custom_padding=\u00a0\u00bb|||\u00a0\u00bb global_colors_info=\u00a0\u00bb{}\u00a0\u00bb custom_padding__hover=\u00a0\u00bb|||\u00a0\u00bb][et_pb_image src=\u00a0\u00bbhttps:\/\/www.negenmaandenmooi.be\/wp-content\/uploads\/2024\/10\/Atessa3.jpg\u00a0\u00bb title_text=\u00a0\u00bbAtessa3&Prime; url=\u00a0\u00bbhttps:\/\/www.negenmaandenmooi.be\/fr\/collection\/attesa\/\u00a0\u00bb align_tablet=\u00a0\u00bbcenter\u00a0\u00bb align_phone=\u00a0\u00bb\u00a0\u00bb align_last_edited=\u00a0\u00bbon|desktop\u00a0\u00bb module_class=\u00a0\u00bbmobile-margin-bot\u00a0\u00bb _builder_version=\u00a0\u00bb4.14.7&Prime; background_position=\u00a0\u00bbtop_center\u00a0\u00bb max_width_tablet=\u00a0\u00bb\u00a0\u00bb max_width_phone=\u00a0\u00bb\u00a0\u00bb max_width_last_edited=\u00a0\u00bbon|phone\u00a0\u00bb module_alignment=\u00a0\u00bbright\u00a0\u00bb hover_enabled=\u00a0\u00bb0&Prime; global_colors_info=\u00a0\u00bb{}\u00a0\u00bb sticky_enabled=\u00a0\u00bb0&Prime;][\/et_pb_image][et_pb_text module_class=\u00a0\u00bbmobile-margin-bot-txt\u00a0\u00bb _builder_version=\u00a0\u00bb3.27.4&Prime; text_font=\u00a0\u00bb|||on|||||\u00a0\u00bb text_text_color=\u00a0\u00bb#000000&Prime; text_font_size=\u00a0\u00bb32px\u00a0\u00bb text_orientation=\u00a0\u00bbcenter\u00a0\u00bb custom_margin=\u00a0\u00bb|||\u00a0\u00bb custom_padding=\u00a0\u00bb|||\u00a0\u00bb global_colors_info=\u00a0\u00bb{}\u00a0\u00bb]<\/p>\n<p><a href=\"https:\/\/www.negenmaandenmooi.be\/fr\/collection\/attesa\/\">Attesa<\/a><\/p>\n<p>[\/et_pb_text][\/et_pb_column][et_pb_column type=\u00a0\u00bb1_3&Prime; _builder_version=\u00a0\u00bb3.25&Prime; custom_padding=\u00a0\u00bb|||\u00a0\u00bb global_colors_info=\u00a0\u00bb{}\u00a0\u00bb custom_padding__hover=\u00a0\u00bb|||\u00a0\u00bb][et_pb_image src=\u00a0\u00bbhttps:\/\/www.negenmaandenmooi.be\/wp-content\/uploads\/2024\/01\/tiffany10.jpg\u00a0\u00bb title_text=\u00a0\u00bbtiffany10&Prime; url=\u00a0\u00bbhttps:\/\/www.negenmaandenmooi.be\/fr\/collection\/tiffany-rose\/\u00a0\u00bb align_tablet=\u00a0\u00bbcenter\u00a0\u00bb align_phone=\u00a0\u00bb\u00a0\u00bb align_last_edited=\u00a0\u00bbon|desktop\u00a0\u00bb module_class=\u00a0\u00bbmobile-margin-bot\u00a0\u00bb _builder_version=\u00a0\u00bb4.14.7&Prime; background_position=\u00a0\u00bbtop_center\u00a0\u00bb max_width_tablet=\u00a0\u00bb\u00a0\u00bb max_width_phone=\u00a0\u00bb\u00a0\u00bb max_width_last_edited=\u00a0\u00bbon|tablet\u00a0\u00bb module_alignment=\u00a0\u00bbright\u00a0\u00bb global_colors_info=\u00a0\u00bb{}\u00a0\u00bb][\/et_pb_image][et_pb_text module_class=\u00a0\u00bbmobile-margin-bot-txt\u00a0\u00bb _builder_version=\u00a0\u00bb3.27.4&Prime; text_font=\u00a0\u00bb|||on|||||\u00a0\u00bb text_text_color=\u00a0\u00bb#000000&Prime; text_font_size=\u00a0\u00bb32px\u00a0\u00bb text_orientation=\u00a0\u00bbcenter\u00a0\u00bb custom_margin=\u00a0\u00bb|||\u00a0\u00bb custom_padding=\u00a0\u00bb|||\u00a0\u00bb global_colors_info=\u00a0\u00bb{}\u00a0\u00bb]<\/p>\n<p><a href=\"https:\/\/www.negenmaandenmooi.be\/fr\/collection\/tiffany-rose\/\">Tiffany Rose<\/a><\/p>\n<p>[\/et_pb_text][\/et_pb_column][et_pb_column type=\u00a0\u00bb1_3&Prime; _builder_version=\u00a0\u00bb3.25&Prime; custom_padding=\u00a0\u00bb|||\u00a0\u00bb global_colors_info=\u00a0\u00bb{}\u00a0\u00bb custom_padding__hover=\u00a0\u00bb|||\u00a0\u00bb][et_pb_image src=\u00a0\u00bbhttps:\/\/www.negenmaandenmooi.be\/wp-content\/uploads\/2024\/10\/noppies13.jpg\u00a0\u00bb title_text=\u00a0\u00bbnoppies13&Prime; url=\u00a0\u00bbhttps:\/\/www.negenmaandenmooi.be\/fr\/collection\/divers\/\u00a0\u00bb align_tablet=\u00a0\u00bbcenter\u00a0\u00bb align_phone=\u00a0\u00bb\u00a0\u00bb align_last_edited=\u00a0\u00bbon|desktop\u00a0\u00bb module_class=\u00a0\u00bbbottom-small\u00a0\u00bb _builder_version=\u00a0\u00bb4.14.7&Prime; background_position=\u00a0\u00bbtop_center\u00a0\u00bb max_width_tablet=\u00a0\u00bb\u00a0\u00bb max_width_phone=\u00a0\u00bb\u00a0\u00bb max_width_last_edited=\u00a0\u00bbon|phone\u00a0\u00bb module_alignment=\u00a0\u00bbleft\u00a0\u00bb hover_enabled=\u00a0\u00bb0&Prime; global_colors_info=\u00a0\u00bb{}\u00a0\u00bb sticky_enabled=\u00a0\u00bb0&Prime;][\/et_pb_image][et_pb_text _builder_version=\u00a0\u00bb4.14.7&Prime; text_font=\u00a0\u00bb|||on|||||\u00a0\u00bb text_text_color=\u00a0\u00bb#000000&Prime; text_font_size=\u00a0\u00bb32px\u00a0\u00bb link_text_color=\u00a0\u00bb#ffffff\u00a0\u00bb link_font_size=\u00a0\u00bb32px\u00a0\u00bb text_orientation=\u00a0\u00bbcenter\u00a0\u00bb custom_margin=\u00a0\u00bb||25px|-30px||\u00a0\u00bb custom_margin_tablet=\u00a0\u00bb||40px|\u00a0\u00bb custom_margin_phone=\u00a0\u00bb\u00a0\u00bb custom_margin_last_edited=\u00a0\u00bbon|tablet\u00a0\u00bb custom_padding=\u00a0\u00bb|||\u00a0\u00bb link_option_url=\u00a0\u00bbhttps:\/\/www.negenmaandenmooi.be\/fr\/collection\/divers\/\u00a0\u00bb global_colors_info=\u00a0\u00bb{}\u00a0\u00bb]<\/p>\n<blockquote>\n<p><a href=\"https:\/\/www.negenmaandenmooi.be\/fr\/collection\/divers\">Divers<\/a><\/p>\n<\/blockquote>\n<p>[\/et_pb_text][\/et_pb_column][\/et_pb_row][et_pb_row _builder_version=\u00a0\u00bb4.14.7&Prime; _module_preset=\u00a0\u00bbdefault\u00a0\u00bb custom_margin=\u00a0\u00bb|auto|-70px|auto||\u00a0\u00bb global_colors_info=\u00a0\u00bb{}\u00a0\u00bb][et_pb_column type=\u00a0\u00bb4_4&Prime; _builder_version=\u00a0\u00bb4.14.7&Prime; _module_preset=\u00a0\u00bbdefault\u00a0\u00bb global_colors_info=\u00a0\u00bb{}\u00a0\u00bb][et_pb_button button_url=\u00a0\u00bbhttps:\/\/www.negenmaandenmooi.be\/fr\/magasin\/\u00a0\u00bb button_text=\u00a0\u00bbVisitez notre magasin\u00a0\u00bb button_alignment=\u00a0\u00bbcenter\u00a0\u00bb _builder_version=\u00a0\u00bb4.14.7&Prime; _module_preset=\u00a0\u00bbdefault\u00a0\u00bb custom_button=\u00a0\u00bbon\u00a0\u00bb button_text_color=\u00a0\u00bb#FFFFFF\u00a0\u00bb button_bg_color=\u00a0\u00bb#808080&Prime; button_border_width=\u00a0\u00bb2px\u00a0\u00bb button_font=\u00a0\u00bb|600|||||||\u00a0\u00bb transform_scale=\u00a0\u00bb90%|90%\u00a0\u00bb transform_translate=\u00a0\u00bb-5px|-39px\u00a0\u00bb custom_margin=\u00a0\u00bb28px|||||\u00a0\u00bb custom_padding=\u00a0\u00bb3px|||||\u00a0\u00bb global_colors_info=\u00a0\u00bb{}\u00a0\u00bb][\/et_pb_button][\/et_pb_column][\/et_pb_row][\/et_pb_section]<\/p>\n","protected":false},"excerpt":{"rendered":"<p>V\u00eatements de f\u00eate Nous avons agrandi notre magasin, ce qui nous permet d&rsquo;avoir la plus grande collection de v\u00eatements de f\u00eate et de robes de mari\u00e9e de Belgique. Nous avons une grande collection de robes de mari\u00e9e abordables de Tiffany Rose et Attesa, entre autres. Les clients viennent de toute la Belgique (et parfois des [&hellip;]<\/p>\n","protected":false},"author":4,"featured_media":0,"parent":0,"menu_order":2,"comment_status":"closed","ping_status":"closed","template":"","meta":{"_et_pb_use_builder":"on","_et_pb_old_content":"","_et_gb_content_width":"","inline_featured_image":false,"footnotes":""},"class_list":["post-1414","page","type-page","status-publish","hentry"],"yoast_head":"<!-- This site is optimized with the Yoast SEO plugin v27.3 - https:\/\/yoast.com\/product\/yoast-seo-wordpress\/ -->\n<title>V\u00eatements de f\u00eate - Negen Maanden Mooi<\/title>\n<meta name=\"robots\" content=\"index, follow, max-snippet:-1, max-image-preview:large, max-video-preview:-1\" \/>\n<link rel=\"canonical\" href=\"https:\/\/www.negenmaandenmooi.be\/fr\/vetements_de_fete\/\" \/>\n<meta property=\"og:locale\" content=\"fr_FR\" \/>\n<meta property=\"og:type\" content=\"article\" \/>\n<meta property=\"og:title\" content=\"V\u00eatements de f\u00eate - Negen Maanden Mooi\" \/>\n<meta property=\"og:description\" content=\"V\u00eatements de f\u00eate Nous avons agrandi notre magasin, ce qui nous permet d&#039;avoir la plus grande collection de v\u00eatements de f\u00eate et de robes de mari\u00e9e de Belgique. Nous avons une grande collection de robes de mari\u00e9e abordables de Tiffany Rose et Attesa, entre autres. Les clients viennent de toute la Belgique (et parfois des [&hellip;]\" \/>\n<meta property=\"og:url\" content=\"https:\/\/www.negenmaandenmooi.be\/fr\/vetements_de_fete\/\" \/>\n<meta property=\"og:site_name\" content=\"Negen Maanden Mooi\" \/>\n<meta property=\"article:publisher\" content=\"https:\/\/www.facebook.com\/mooidameskleding\" \/>\n<meta property=\"article:modified_time\" content=\"2024-10-12T15:53:06+00:00\" \/>\n<meta name=\"twitter:card\" content=\"summary_large_image\" \/>\n<meta name=\"twitter:label1\" content=\"Dur\u00e9e de lecture estim\u00e9e\" \/>\n\t<meta name=\"twitter:data1\" content=\"3 minutes\" \/>\n<script type=\"application\/ld+json\" class=\"yoast-schema-graph\">{\"@context\":\"https:\\\/\\\/schema.org\",\"@graph\":[{\"@type\":\"WebPage\",\"@id\":\"https:\\\/\\\/www.negenmaandenmooi.be\\\/fr\\\/vetements_de_fete\\\/\",\"url\":\"https:\\\/\\\/www.negenmaandenmooi.be\\\/fr\\\/vetements_de_fete\\\/\",\"name\":\"V\u00eatements de f\u00eate - Negen Maanden Mooi\",\"isPartOf\":{\"@id\":\"https:\\\/\\\/www.negenmaandenmooi.be\\\/#website\"},\"datePublished\":\"2019-03-25T12:34:36+00:00\",\"dateModified\":\"2024-10-12T15:53:06+00:00\",\"breadcrumb\":{\"@id\":\"https:\\\/\\\/www.negenmaandenmooi.be\\\/fr\\\/vetements_de_fete\\\/#breadcrumb\"},\"inLanguage\":\"fr-FR\",\"potentialAction\":[{\"@type\":\"ReadAction\",\"target\":[\"https:\\\/\\\/www.negenmaandenmooi.be\\\/fr\\\/vetements_de_fete\\\/\"]}]},{\"@type\":\"BreadcrumbList\",\"@id\":\"https:\\\/\\\/www.negenmaandenmooi.be\\\/fr\\\/vetements_de_fete\\\/#breadcrumb\",\"itemListElement\":[{\"@type\":\"ListItem\",\"position\":1,\"name\":\"Home\",\"item\":\"https:\\\/\\\/www.negenmaandenmooi.be\\\/fr\\\/\"},{\"@type\":\"ListItem\",\"position\":2,\"name\":\"V\u00eatements de f\u00eate\"}]},{\"@type\":\"WebSite\",\"@id\":\"https:\\\/\\\/www.negenmaandenmooi.be\\\/#website\",\"url\":\"https:\\\/\\\/www.negenmaandenmooi.be\\\/\",\"name\":\"Negen Maanden Mooi\",\"description\":\"\",\"publisher\":{\"@id\":\"https:\\\/\\\/www.negenmaandenmooi.be\\\/#organization\"},\"potentialAction\":[{\"@type\":\"SearchAction\",\"target\":{\"@type\":\"EntryPoint\",\"urlTemplate\":\"https:\\\/\\\/www.negenmaandenmooi.be\\\/?s={search_term_string}\"},\"query-input\":{\"@type\":\"PropertyValueSpecification\",\"valueRequired\":true,\"valueName\":\"search_term_string\"}}],\"inLanguage\":\"fr-FR\"},{\"@type\":\"Organization\",\"@id\":\"https:\\\/\\\/www.negenmaandenmooi.be\\\/#organization\",\"name\":\"Negen Maanden Mooi\",\"url\":\"https:\\\/\\\/www.negenmaandenmooi.be\\\/\",\"logo\":{\"@type\":\"ImageObject\",\"inLanguage\":\"fr-FR\",\"@id\":\"https:\\\/\\\/www.negenmaandenmooi.be\\\/#\\\/schema\\\/logo\\\/image\\\/\",\"url\":\"https:\\\/\\\/www.negenmaandenmooi.be\\\/wp-content\\\/uploads\\\/2018\\\/09\\\/LOGO-MOOI-WEB.png\",\"contentUrl\":\"https:\\\/\\\/www.negenmaandenmooi.be\\\/wp-content\\\/uploads\\\/2018\\\/09\\\/LOGO-MOOI-WEB.png\",\"width\":568,\"height\":568,\"caption\":\"Negen Maanden Mooi\"},\"image\":{\"@id\":\"https:\\\/\\\/www.negenmaandenmooi.be\\\/#\\\/schema\\\/logo\\\/image\\\/\"},\"sameAs\":[\"https:\\\/\\\/www.facebook.com\\\/mooidameskleding\"]}]}<\/script>\n<!-- \/ Yoast SEO plugin. -->","yoast_head_json":{"title":"V\u00eatements de f\u00eate - Negen Maanden Mooi","robots":{"index":"index","follow":"follow","max-snippet":"max-snippet:-1","max-image-preview":"max-image-preview:large","max-video-preview":"max-video-preview:-1"},"canonical":"https:\/\/www.negenmaandenmooi.be\/fr\/vetements_de_fete\/","og_locale":"fr_FR","og_type":"article","og_title":"V\u00eatements de f\u00eate - Negen Maanden Mooi","og_description":"V\u00eatements de f\u00eate Nous avons agrandi notre magasin, ce qui nous permet d'avoir la plus grande collection de v\u00eatements de f\u00eate et de robes de mari\u00e9e de Belgique. Nous avons une grande collection de robes de mari\u00e9e abordables de Tiffany Rose et Attesa, entre autres. Les clients viennent de toute la Belgique (et parfois des [&hellip;]","og_url":"https:\/\/www.negenmaandenmooi.be\/fr\/vetements_de_fete\/","og_site_name":"Negen Maanden Mooi","article_publisher":"https:\/\/www.facebook.com\/mooidameskleding","article_modified_time":"2024-10-12T15:53:06+00:00","twitter_card":"summary_large_image","twitter_misc":{"Dur\u00e9e de lecture estim\u00e9e":"3 minutes"},"schema":{"@context":"https:\/\/schema.org","@graph":[{"@type":"WebPage","@id":"https:\/\/www.negenmaandenmooi.be\/fr\/vetements_de_fete\/","url":"https:\/\/www.negenmaandenmooi.be\/fr\/vetements_de_fete\/","name":"V\u00eatements de f\u00eate - Negen Maanden Mooi","isPartOf":{"@id":"https:\/\/www.negenmaandenmooi.be\/#website"},"datePublished":"2019-03-25T12:34:36+00:00","dateModified":"2024-10-12T15:53:06+00:00","breadcrumb":{"@id":"https:\/\/www.negenmaandenmooi.be\/fr\/vetements_de_fete\/#breadcrumb"},"inLanguage":"fr-FR","potentialAction":[{"@type":"ReadAction","target":["https:\/\/www.negenmaandenmooi.be\/fr\/vetements_de_fete\/"]}]},{"@type":"BreadcrumbList","@id":"https:\/\/www.negenmaandenmooi.be\/fr\/vetements_de_fete\/#breadcrumb","itemListElement":[{"@type":"ListItem","position":1,"name":"Home","item":"https:\/\/www.negenmaandenmooi.be\/fr\/"},{"@type":"ListItem","position":2,"name":"V\u00eatements de f\u00eate"}]},{"@type":"WebSite","@id":"https:\/\/www.negenmaandenmooi.be\/#website","url":"https:\/\/www.negenmaandenmooi.be\/","name":"Negen Maanden Mooi","description":"","publisher":{"@id":"https:\/\/www.negenmaandenmooi.be\/#organization"},"potentialAction":[{"@type":"SearchAction","target":{"@type":"EntryPoint","urlTemplate":"https:\/\/www.negenmaandenmooi.be\/?s={search_term_string}"},"query-input":{"@type":"PropertyValueSpecification","valueRequired":true,"valueName":"search_term_string"}}],"inLanguage":"fr-FR"},{"@type":"Organization","@id":"https:\/\/www.negenmaandenmooi.be\/#organization","name":"Negen Maanden Mooi","url":"https:\/\/www.negenmaandenmooi.be\/","logo":{"@type":"ImageObject","inLanguage":"fr-FR","@id":"https:\/\/www.negenmaandenmooi.be\/#\/schema\/logo\/image\/","url":"https:\/\/www.negenmaandenmooi.be\/wp-content\/uploads\/2018\/09\/LOGO-MOOI-WEB.png","contentUrl":"https:\/\/www.negenmaandenmooi.be\/wp-content\/uploads\/2018\/09\/LOGO-MOOI-WEB.png","width":568,"height":568,"caption":"Negen Maanden Mooi"},"image":{"@id":"https:\/\/www.negenmaandenmooi.be\/#\/schema\/logo\/image\/"},"sameAs":["https:\/\/www.facebook.com\/mooidameskleding"]}]}},"_links":{"self":[{"href":"https:\/\/www.negenmaandenmooi.be\/fr\/wp-json\/wp\/v2\/pages\/1414","targetHints":{"allow":["GET"]}}],"collection":[{"href":"https:\/\/www.negenmaandenmooi.be\/fr\/wp-json\/wp\/v2\/pages"}],"about":[{"href":"https:\/\/www.negenmaandenmooi.be\/fr\/wp-json\/wp\/v2\/types\/page"}],"author":[{"embeddable":true,"href":"https:\/\/www.negenmaandenmooi.be\/fr\/wp-json\/wp\/v2\/users\/4"}],"replies":[{"embeddable":true,"href":"https:\/\/www.negenmaandenmooi.be\/fr\/wp-json\/wp\/v2\/comments?post=1414"}],"version-history":[{"count":20,"href":"https:\/\/www.negenmaandenmooi.be\/fr\/wp-json\/wp\/v2\/pages\/1414\/revisions"}],"predecessor-version":[{"id":7913,"href":"https:\/\/www.negenmaandenmooi.be\/fr\/wp-json\/wp\/v2\/pages\/1414\/revisions\/7913"}],"wp:attachment":[{"href":"https:\/\/www.negenmaandenmooi.be\/fr\/wp-json\/wp\/v2\/media?parent=1414"}],"curies":[{"name":"wp","href":"https:\/\/api.w.org\/{rel}","templated":true}]}}